{"id":3364,"date":"2026-02-16T14:02:33","date_gmt":"2026-02-16T14:02:33","guid":{"rendered":"https:\/\/www.llullsastre.com\/privacy-policy\/"},"modified":"2026-04-28T15:36:48","modified_gmt":"2026-04-28T15:36:48","slug":"privacy-policy","status":"publish","type":"page","link":"https:\/\/www.llullsastre.com\/en\/privacy-policy\/","title":{"rendered":"Privacy Policy"},"content":{"rendered":"\t\t<div data-elementor-type=\"wp-page\" data-elementor-id=\"3364\" class=\"elementor elementor-3364 elementor-614\" data-elementor-post-type=\"page\">\n\t\t\t\t<div class=\"elementor-element elementor-element-4114e2b e-flex e-con-boxed e-con e-child\" data-id=\"4114e2b\" data-element_type=\"container\" data-e-type=\"container\">\n\t\t\t\t\t<div class=\"e-con-inner\">\n\t\t\t\t<div class=\"elementor-element elementor-element-1fd91d8 elementor-widget elementor-widget-heading\" data-id=\"1fd91d8\" data-element_type=\"widget\" data-e-type=\"widget\" data-widget_type=\"heading.default\">\n\t\t\t\t\t<h1 class=\"elementor-heading-title elementor-size-default\">Privacy Policy<\/h1>\t\t\t\t<\/div>\n\t\t\t\t<div class=\"elementor-element elementor-element-e78821e elementor-widget elementor-widget-text-editor\" data-id=\"e78821e\" data-element_type=\"widget\" data-e-type=\"widget\" data-widget_type=\"text-editor.default\">\n\t\t\t\t\t\t\t\t\t<h4>Protection of Personal Data<\/h4><p>Through this legal notice, the Company informs users of the Website about its privacy policy and protection of personal data.<\/p><p>The company guarantees the confidentiality of the personal data provided, which will be incorporated into its processing systems, for which the company is the Data Controller. Furthermore, the company undertakes to comply with the obligations established in the General Data Protection Regulation (EU) 2016\/679 and Spanish Organic Law 3\/2018 on Data Protection and Guarantee of Digital Rights, adopting the necessary technical and organizational measures to prevent loss, misuse, alteration, and unauthorized access, taking into account the state of the art, the nature of the data, and the risks to which it is exposed. <\/p><h4>Data of the Data Controller<\/h4><p>The data controller is CONSTRUCCIONES LLULL SASTRE S.A.U. with registered office at Calle Guillem Galm\u00e9s, No. 6, Ground Floor, 07004, Palma de Mallorca, Balearic Islands; <a href=\"mailto:llull@llullsastre.com\">llull@llullsastre.com<\/a><\/p><h4>Data processing<\/h4><h5>Contact section<\/h5><table width=\"620\"><tbody><tr><td width=\"141\"><strong>Purpose of processing:<\/strong><\/td> <td width=\"478\">The information provided by interested parties will be processed in order to respond to the request for information, as well as to provide interested parties with offers of products and services of interest to them, if they have given their consent.<\/td><\/tr><tr><td width=\"141\"><strong>Data retention<\/strong><\/td><td width=\"478\">The personal data collected will be kept as long as there is a mutual interest in doing so. The data subject may request its deletion. <\/td><\/tr><tr><td width=\"141\"><strong>Legitimization of the processing<\/strong><\/td><td width=\"478\"><p>The legal basis for processing your data is the request for consent from the interested parties.<\/p><p>The marked fields are mandatory; if they are not completed, the form will not be submitted.<\/p><\/td><\/tr><tr><strong><td width=\"141\">Recipients of transfers:<\/td><\/strong> <td width=\"478\">No data transfers are planned.<\/td><\/tr><tr><td width=\"141\"><strong>Recipients of international transfers<\/strong><\/td> <td width=\"478\">No international transfers to third countries are planned.<\/td><\/tr><\/tbody><\/table><h4> <\/h4><h5>Curriculum section<\/h5><table width=\"620\"><tbody><tr><td width=\"141\"><strong>Purpose of processing<\/strong><\/td> <td width=\"478\">We process the personal data of the user&#8217;s resume for the management of human resources and personnel selection processes.<\/td><\/tr><tr><td width=\"141\"><strong>Data retention: <\/strong><\/td><td width=\"478\">The personal data collected will be retained for a period of one year, unless the interested party becomes part of the staff of the controller.<\/td><\/tr><tr><td width=\"141\"><strong>Legal basis for processing:<\/strong><\/td> <td width=\"478\">The legal basis for processing your data is the consent of the interested parties.<\/td><\/tr><tr><td width=\"141\"><strong>Recipients of transfers<\/strong><\/td>: <td width=\"478\">No data transfers are planned.<\/td><\/tr><tr><td width=\"141\"><strong>Recipients of international transfers<\/strong><\/td> <td width=\"478\">No international transfers to third countries are planned.<\/td><\/tr><\/tbody><\/table><h5> <\/h5><h5>Budget Privacy Policy<\/h5><table width=\"620\"><tbody><tr><td width=\"141\"><strong>Purpose of processing:<\/strong><\/td> <td width=\"478\">The personal data necessary to prepare the requested quotes is processed.<\/td><\/tr><tr><td width=\"141\"><strong>Data retention:<\/strong><\/td> <td width=\"478\">The personal data collected will be retained for the legally required period.<\/td><\/tr><tr><td width=\"141\"><strong>Legal basis for processing<\/strong><\/td>: <td width=\"478\">The legal basis for processing your data is the application of pre-contractual measures, and the consent of the interested party in some sections.<\/td><\/tr><tr><td width=\"141\"><strong>Recipients of transfers:<\/strong><\/td> <td width=\"478\">No data transfers are planned.<\/td><\/tr><tr><td width=\"141\"><strong>Recipients of international transfers<\/strong><\/td> <td width=\"478\">No international transfers to third countries are planned.<\/td><\/tr><\/tbody><\/table><h4> <\/h4><h5>Billing Privacy Policy<\/h5><table width=\"620\"><tbody><tr><td width=\"141\"><strong>Purpose of processing<\/strong> <\/td><td width=\"478\">The purpose of data processing is to manage the contracted services and their billing.<\/td><\/tr><tr><td width=\"141\"><strong>Data retention<\/strong><\/td><td width=\"478\">The personal data collected will be kept for as long as a contractual relationship exists. Once this relationship has ended, the data will be kept for as long as required by law. <\/td><\/tr><tr><td width=\"141\"><strong>Legal basis for processing: <\/strong><\/td><td width=\"478\">The legal basis for processing your data is the execution of a contract and the consent of the interested party in some sections.<\/td><\/tr><tr><td width=\"141\"><strong>Recipients of transfers: <\/strong><\/td><td width=\"478\">To banking entities and to the legally provided Public Administration.<\/td><\/tr><tr><td width=\"141\"><strong>Recipients of international transfers<\/strong><\/td> <td width=\"478\">No international transfers to third countries are planned.<\/td><\/tr><\/tbody><\/table><h4> <\/h4><h4>Privacy policy for social networks<\/h4><p>The User has a profile on the same social network as the organization and has chosen to join the page, thus demonstrating their interest in the information published on the profile. The User can access the social network&#8217;s privacy policies at any time and configure their profile to ensure their privacy. <\/p><table width=\"620\"><tbody><tr><td width=\"141\"><strong>Purpose of processing:<\/strong><\/td> <td width=\"478\">The purpose of data processing is to maintain the business relationship, respond to requests for information, and provide interested parties with offers of products and services of interest to them, if they have given their consent.<\/td><\/tr><tr><td width=\"141\"><strong>Data retention<\/strong><\/td>: <td width=\"478\">The personal data collected will be retained as long as there is a mutual interest and the interested party does not request its deletion.<\/td><\/tr><tr><td width=\"141\"><strong>Legal basis for processing:<\/strong><\/td> <td width=\"478\">The legal basis for processing your data is the user&#8217;s consent, by following the organization&#8217;s profile.<\/td><\/tr><tr><td width=\"141\"><strong>Recipients of transfers:<\/strong><\/td> <td width=\"478\">No data transfers are planned.<\/td><\/tr><tr><td width=\"141\"><strong>Recipients of international transfers<\/strong><\/td><td width=\"478\">International transfers to third countries may occur. You should review the privacy policy of the social network itself. <\/td><\/tr><\/tbody><\/table><h4> <\/h4><h4>Rights of interested parties<\/h4><p>Current data protection regulations grant you a series of rights regarding the use we make of your data. Each and every one of these rights is personal and non-transferable, meaning that they can only be exercised by the data subject, after verification of their identity. <\/p><p>Those interested may exercise the following rights:<\/p><ul><li>Access to your personal data;<\/li><li>For the rectification of your personal data for its updating;<\/li><li>Deletion, when, among other reasons, the data is no longer necessary for the purposes for which it was collected.<\/li><li>Limitation of the processing of your data, in certain circumstances, in which case the data controller will only retain the data for the exercise or defense of claims.<\/li><li>You have the right to object to the processing of your data, in certain circumstances and for reasons related to your particular situation, in which case the data controller will only retain the personal data for the exercise or defense of claims.<\/li><li>Regarding the portability of your personal data, when this data is automated.<\/li><li>The interested party has the right to withdraw consent at any time, without this affecting the lawfulness of the processing based on the consent prior to its withdrawal.<\/li><li>The interested party may lodge a complaint with the competent Data Protection Supervisory Authority, especially when they have not obtained satisfaction in the exercise of their rights, and how to contact the controller.<\/li><\/ul><p>To do so, you must submit a written and signed request. You can request a standard form to complete. <\/p><p>If the Data Controller has reasonable doubts about the identity of the user, they may request proof of identity.<\/p><p>You can also submit your request via email to<a href=\"mailto:llull@llullsastre.com\"> llull@llullsastre.com,<\/a> where you will be informed of the procedure to follow.<\/p><p>The interested party has the right to withdraw consent at any time, without this affecting the lawfulness of the processing based on the consent prior to its withdrawal.<\/p><p>El interesado puede presentar una reclamaci\u00f3n ante la Autoridad de Control en materia de Protecci\u00f3n de Datos competente, especialmente cuando no haya obtenido satisfacci\u00f3n en el ejercicio de sus derechos, y\/o en la forma de ponerse en contacto con el responsable.<\/p>\t\t\t\t\t\t\t\t<\/div>\n\t\t\t\t\t<\/div>\n\t\t\t\t<\/div>\n\t\t\t\t<\/div>\n\t\t","protected":false},"excerpt":{"rendered":"<p>Privacy Policy Protection of Personal Data Through this legal notice, the Company informs users of the Website about its privacy policy and protection of personal data. The company guarantees the confidentiality of the personal data provided, which will be incorporated into its processing systems, for which the company is the Data Controller. Furthermore, the company [&hellip;]<\/p>\n","protected":false},"author":1,"featured_media":0,"parent":0,"menu_order":0,"comment_status":"closed","ping_status":"closed","template":"elementor_header_footer","meta":{"footnotes":""},"class_list":["post-3364","page","type-page","status-publish","hentry"],"yoast_head":"<!-- This site is optimized with the Yoast SEO plugin v26.8 - https:\/\/yoast.com\/product\/yoast-seo-wordpress\/ -->\n<title>Privacy Policy - llullsastre..com<\/title>\n<meta name=\"robots\" content=\"noindex, follow\" \/>\n<meta property=\"og:locale\" content=\"en_US\" \/>\n<meta property=\"og:type\" content=\"article\" \/>\n<meta property=\"og:title\" content=\"Privacy Policy - llullsastre..com\" \/>\n<meta property=\"og:description\" content=\"Privacy Policy Protection of Personal Data Through this legal notice, the Company informs users of the Website about its privacy policy and protection of personal data. The company guarantees the confidentiality of the personal data provided, which will be incorporated into its processing systems, for which the company is the Data Controller. Furthermore, the company [&hellip;]\" \/>\n<meta property=\"og:url\" content=\"https:\/\/www.llullsastre.com\/en\/privacy-policy\/\" \/>\n<meta property=\"og:site_name\" content=\"llullsastre..com\" \/>\n<meta property=\"article:modified_time\" content=\"2026-04-28T15:36:48+00:00\" \/>\n<meta name=\"twitter:card\" content=\"summary_large_image\" \/>\n<meta name=\"twitter:label1\" content=\"Est. reading time\" \/>\n\t<meta name=\"twitter:data1\" content=\"5 minutes\" \/>\n<script type=\"application\/ld+json\" class=\"yoast-schema-graph\">{\"@context\":\"https:\/\/schema.org\",\"@graph\":[{\"@type\":\"WebPage\",\"@id\":\"https:\/\/www.llullsastre.com\/en\/privacy-policy\/\",\"url\":\"https:\/\/www.llullsastre.com\/en\/privacy-policy\/\",\"name\":\"Privacy Policy - llullsastre..com\",\"isPartOf\":{\"@id\":\"https:\/\/www.llullsastre.com\/#website\"},\"datePublished\":\"2026-02-16T14:02:33+00:00\",\"dateModified\":\"2026-04-28T15:36:48+00:00\",\"breadcrumb\":{\"@id\":\"https:\/\/www.llullsastre.com\/en\/privacy-policy\/#breadcrumb\"},\"inLanguage\":\"en-US\",\"potentialAction\":[{\"@type\":\"ReadAction\",\"target\":[\"https:\/\/www.llullsastre.com\/en\/privacy-policy\/\"]}]},{\"@type\":\"BreadcrumbList\",\"@id\":\"https:\/\/www.llullsastre.com\/en\/privacy-policy\/#breadcrumb\",\"itemListElement\":[{\"@type\":\"ListItem\",\"position\":1,\"name\":\"Portada\",\"item\":\"https:\/\/www.llullsastre.com\/en\/construction-company-in-mallorca\/\"},{\"@type\":\"ListItem\",\"position\":2,\"name\":\"Privacy Policy\"}]},{\"@type\":\"WebSite\",\"@id\":\"https:\/\/www.llullsastre.com\/#website\",\"url\":\"https:\/\/www.llullsastre.com\/\",\"name\":\"llullsastre..com\",\"description\":\"\",\"potentialAction\":[{\"@type\":\"SearchAction\",\"target\":{\"@type\":\"EntryPoint\",\"urlTemplate\":\"https:\/\/www.llullsastre.com\/?s={search_term_string}\"},\"query-input\":{\"@type\":\"PropertyValueSpecification\",\"valueRequired\":true,\"valueName\":\"search_term_string\"}}],\"inLanguage\":\"en-US\"}]}<\/script>\n<!-- \/ Yoast SEO plugin. -->","yoast_head_json":{"title":"Privacy Policy - llullsastre..com","robots":{"index":"noindex","follow":"follow"},"og_locale":"en_US","og_type":"article","og_title":"Privacy Policy - llullsastre..com","og_description":"Privacy Policy Protection of Personal Data Through this legal notice, the Company informs users of the Website about its privacy policy and protection of personal data. The company guarantees the confidentiality of the personal data provided, which will be incorporated into its processing systems, for which the company is the Data Controller. Furthermore, the company [&hellip;]","og_url":"https:\/\/www.llullsastre.com\/en\/privacy-policy\/","og_site_name":"llullsastre..com","article_modified_time":"2026-04-28T15:36:48+00:00","twitter_card":"summary_large_image","twitter_misc":{"Est. reading time":"5 minutes"},"schema":{"@context":"https:\/\/schema.org","@graph":[{"@type":"WebPage","@id":"https:\/\/www.llullsastre.com\/en\/privacy-policy\/","url":"https:\/\/www.llullsastre.com\/en\/privacy-policy\/","name":"Privacy Policy - llullsastre..com","isPartOf":{"@id":"https:\/\/www.llullsastre.com\/#website"},"datePublished":"2026-02-16T14:02:33+00:00","dateModified":"2026-04-28T15:36:48+00:00","breadcrumb":{"@id":"https:\/\/www.llullsastre.com\/en\/privacy-policy\/#breadcrumb"},"inLanguage":"en-US","potentialAction":[{"@type":"ReadAction","target":["https:\/\/www.llullsastre.com\/en\/privacy-policy\/"]}]},{"@type":"BreadcrumbList","@id":"https:\/\/www.llullsastre.com\/en\/privacy-policy\/#breadcrumb","itemListElement":[{"@type":"ListItem","position":1,"name":"Portada","item":"https:\/\/www.llullsastre.com\/en\/construction-company-in-mallorca\/"},{"@type":"ListItem","position":2,"name":"Privacy Policy"}]},{"@type":"WebSite","@id":"https:\/\/www.llullsastre.com\/#website","url":"https:\/\/www.llullsastre.com\/","name":"llullsastre..com","description":"","potentialAction":[{"@type":"SearchAction","target":{"@type":"EntryPoint","urlTemplate":"https:\/\/www.llullsastre.com\/?s={search_term_string}"},"query-input":{"@type":"PropertyValueSpecification","valueRequired":true,"valueName":"search_term_string"}}],"inLanguage":"en-US"}]}},"_links":{"self":[{"href":"https:\/\/www.llullsastre.com\/en\/wp-json\/wp\/v2\/pages\/3364","targetHints":{"allow":["GET"]}}],"collection":[{"href":"https:\/\/www.llullsastre.com\/en\/wp-json\/wp\/v2\/pages"}],"about":[{"href":"https:\/\/www.llullsastre.com\/en\/wp-json\/wp\/v2\/types\/page"}],"author":[{"embeddable":true,"href":"https:\/\/www.llullsastre.com\/en\/wp-json\/wp\/v2\/users\/1"}],"replies":[{"embeddable":true,"href":"https:\/\/www.llullsastre.com\/en\/wp-json\/wp\/v2\/comments?post=3364"}],"version-history":[{"count":1,"href":"https:\/\/www.llullsastre.com\/en\/wp-json\/wp\/v2\/pages\/3364\/revisions"}],"predecessor-version":[{"id":3365,"href":"https:\/\/www.llullsastre.com\/en\/wp-json\/wp\/v2\/pages\/3364\/revisions\/3365"}],"wp:attachment":[{"href":"https:\/\/www.llullsastre.com\/en\/wp-json\/wp\/v2\/media?parent=3364"}],"curies":[{"name":"wp","href":"https:\/\/api.w.org\/{rel}","templated":true}]}}