{"id":5072,"date":"2026-02-16T14:00:59","date_gmt":"2026-02-16T14:00:59","guid":{"rendered":"https:\/\/www.llullsastre.com\/politica-de-cookies\/"},"modified":"2026-05-05T11:21:12","modified_gmt":"2026-05-05T11:21:12","slug":"politica-de-cookies","status":"publish","type":"page","link":"https:\/\/www.llullsastre.com\/de\/politica-de-cookies\/","title":{"rendered":"Pol\u00edtica de cookies"},"content":{"rendered":"\t\t<div data-elementor-type=\"wp-page\" data-elementor-id=\"5072\" class=\"elementor elementor-5072 elementor-602\" data-elementor-post-type=\"page\">\n\t\t\t\t<div class=\"elementor-element elementor-element-19a6baa e-flex e-con-boxed e-con e-child\" data-id=\"19a6baa\" data-element_type=\"container\" data-e-type=\"container\">\n\t\t\t\t\t<div class=\"e-con-inner\">\n\t\t\t\t<div class=\"elementor-element elementor-element-c92e5e6 elementor-widget elementor-widget-heading\" data-id=\"c92e5e6\" data-element_type=\"widget\" data-e-type=\"widget\" data-widget_type=\"heading.default\">\n\t\t\t\t\t<h1 class=\"elementor-heading-title elementor-size-default\">Rechtspolitik<\/h1>\t\t\t\t<\/div>\n\t\t\t\t<div class=\"elementor-element elementor-element-82433e3 elementor-widget elementor-widget-text-editor\" data-id=\"82433e3\" data-element_type=\"widget\" data-e-type=\"widget\" data-widget_type=\"text-editor.default\">\n\t\t\t\t\t\t\t\t\t<h4><strong><em>Verwendung von Cookies<\/em><\/strong><\/h4><p><em>Der Zugriff auf diese Website erfordert die Verwendung von Cookies. Ein Cookie ist eine kleine Datei, die auf dem Computer des Nutzers gespeichert wird und es der Website erm\u00f6glicht, den Nutzer zu erkennen, Browsereinstellungen zu speichern, Formulardaten zu speichern, das Surfverhalten zu erfassen usw. Cookies sind f\u00fcr das Funktionieren des Internets unerl\u00e4sslich und bieten zahlreiche Vorteile bei der Bereitstellung interaktiver Dienste.  <\/em><\/p><p><em>Durch die weitere Nutzung dieser Website erkl\u00e4ren Sie sich mit der Verwendung technischer Cookies einverstanden, die f\u00fcr die einwandfreie Funktion der Website unbedingt erforderlich sind. F\u00fcr alle anderen Cookies ben\u00f6tigen wir Ihre Einwilligung, die Sie jederzeit in Ihren Cookie-Einstellungen auf der Website widerrufen k\u00f6nnen. Sie k\u00f6nnen Cookies auch von Ihrem Computer l\u00f6schen, indem Sie die Einstellungen Ihres Browsers \u00e4ndern (bei Unsicherheiten konsultieren Sie bitte die Hilfe Ihres Browsers, da die Vorgehensweise je nach Browser variiert).  <\/em><\/p><p><em>Diese Seite verwendet verschiedene Arten von Cookies. Einige Cookies werden von Drittanbietern gesetzt, deren Dienste auf unseren Seiten eingebunden sind (z. B. Social Plugins von Facebook oder Twitter, die die Interaktion mit Widgets auf der Website steuern). <\/em><\/p><p>Um den Verantwortlichen zu ermitteln oder um zu erfahren, wie Sie Ihre Datenschutzrechte aus\u00fcben k\u00f6nnen, besuchen Sie bitte die <a href=\"\/?page_id=149431\">Datenschutzerkl\u00e4rung<\/a> <em>dieser Website.<\/em><\/p><h3> <\/h3><h4><strong><em>Arten von Cookies:<\/em><\/strong><\/h4><p><em><u>Sitzungs-Cookies und dauerhafte Cookies:<\/u><\/em><\/p><ul><li><em>Session-Cookies sind tempor\u00e4re Dateien, die im Cookie-Speicher Ihres Browsers gespeichert bleiben, bis Sie den Browser schlie\u00dfen. Sie dienen der Identifizierung und der Speicherung von Benutzereinstellungen wie der Sprache.<\/em><\/li><li><em>Permanente Cookies werden f\u00fcr einen festgelegten Zeitraum auf Ihrem Computer gespeichert und von unserer Website bei jedem Besuch ausgelesen. Sie enthalten \u00e4hnliche Informationen wie Session-Cookies, beispielsweise Benutzereinstellungen und Identifikationsmerkmale, haben jedoch eine l\u00e4ngere G\u00fcltigkeitsdauer, nach deren Ablauf sie ihre Funktion verlieren. <\/em><\/li><\/ul><p><em><u>Erstanbieter- oder Drittanbieter-Cookies<\/u><\/em><\/p><ul><li><em>Erstanbieter-Cookies sind Cookies, die vom Computer oder der Domain des Herausgebers selbst an das Endger\u00e4t des Nutzers gesendet werden und von der der vom Nutzer angeforderte Dienst bereitgestellt wird.<\/em><\/li><li><em>Cookies von Drittanbietern werden von einer anderen Organisation als dem Betreiber der von Ihnen besuchten Website verwendet. Beispielsweise kann die Website einen externen Webanalysedienst nutzen, der eigene Cookies f\u00fcr diese Aufgabe verwendet. Sie kann auch Drittanbieter einsetzen, die auf die Verwaltung personalisierter Werbekampagnen spezialisiert sind.  <\/em><\/li><\/ul><p><em><u>Arten von Cookies nach ihrem Zweck:<\/u><\/em><\/p><ul><li><em><u>Technische Cookies:<\/u><\/em><em> Hierbei handelt es sich um Cookies, die es dem Benutzer erm\u00f6glichen, auf einer Website, Plattform oder Anwendung zu navigieren und die verschiedenen Optionen oder Dienste zu nutzen, die darauf vorhanden sind, wie z. B. die Steuerung des Datenverkehrs und der Datenkommunikation, die Identifizierung der Sitzung, der Zugriff auf gesch\u00fctzte Bereiche, das Speichern der Artikel in einer Bestellung, das Abschlie\u00dfen des Kaufvorgangs, die Registrierung f\u00fcr oder die Teilnahme an einer Veranstaltung, die Nutzung von Sicherheitsfunktionen beim Surfen, das Speichern von Inhalten zur Video- oder Audiowiedergabe oder das Teilen von Inhalten \u00fcber soziale Netzwerke.<\/em><\/li><li>Personalisierungs-Cookies: Hierbei handelt es sich um Cookies, die es dem Benutzer erm\u00f6glichen, auf den Dienst mit einigen vordefinierten allgemeinen Merkmalen zuzugreifen, die auf einer Reihe von Kriterien im Endger\u00e4t des Benutzers basieren, wie z. B. Sprache, Browsertyp, \u00fcber den auf den Dienst zugegriffen wird, regionale Konfiguration, von der aus auf den Dienst zugegriffen wird usw.<\/li><li><em><u>Analyse-Cookies:<\/u><\/em><em> Hierbei handelt es sich um Cookies, die es dem Website-Betreiber erm\u00f6glichen, das Nutzerverhalten auf den verlinkten Websites zu verfolgen und zu analysieren. Die mithilfe dieser Cookies gesammelten Informationen dienen dazu, die Aktivit\u00e4t von Websites, Anwendungen oder Plattformen zu messen und Nutzerprofile zu erstellen, um auf Basis der Nutzerdatenanalyse Verbesserungen vorzunehmen. <\/em><\/li><li><em><u>Werbe-Cookies:<\/u><\/em><em> Diese Cookies erm\u00f6glichen die effizienteste Verwaltung der Werbefl\u00e4chen auf der Website, von der der Dienst bereitgestellt wird. Es kann sich auch um Cookies zur Verhaltensanalyse handeln, die Informationen \u00fcber das Nutzerverhalten speichern, welche durch die kontinuierliche Beobachtung der Surfgewohnheiten gewonnen werden. Dadurch kann ein spezifisches Profil erstellt werden, um darauf basierende Werbung anzuzeigen. <\/em><\/li><\/ul><p>Liste der verwendeten Cookies (aktualisiert im Oktober 2025)<\/p><table width=\"100%\"><thead><tr><td width=\"22%\"><p><strong><em>Name<\/em><\/strong><\/p><p><em>Cookie-Etikett<\/em><\/p><\/td><td width=\"19%\"><strong><em>Webseite<\/em><\/strong><\/td><td width=\"12%\"><p><strong><em>Ablauf<\/em><\/strong><\/p><p><em>Ablaufdatum des Cookies nach der Installation<\/em><\/p><\/td><td width=\"15%\"><strong><em>Cookie-Typ<\/em><\/strong><\/td><td width=\"29%\"><p><strong><em>Beschreibung<\/em><\/strong><\/p><p><em>Zweck des Cookies<\/em><\/p><\/td><\/tr><\/thead><tbody><tr><td width=\"22%\"><em>_ga_WBYT07VCE1<\/em><\/td><td width=\"19%\"><em>llullsastre.com<\/em><\/td><td width=\"12%\"><em>1 a\u00f1o<\/em><\/td><td width=\"15%\"><em>Anal\u00edtica (Google Analytics 4)<\/em><\/td><td width=\"29%\"><em>Cookie usada por Google Analytics para mantener el estado de la sesi\u00f3n y medir el rendimiento del sitio web.<\/em><\/td><\/tr><tr><td width=\"22%\"><p><em>AEC<\/em><\/p><p><em> <\/em><\/p><\/td><td width=\"19%\"><p><em>google.com<\/em><\/p><p><em> <\/em><\/p><\/td><td width=\"12%\"><p><em>3 Monate<\/em><\/p><p><em> <\/em><\/p><\/td><td width=\"15%\"><p><em>Technik \/ Sicherheit<\/em><\/p><p><em> <\/em><\/p><\/td><td width=\"29%\"><em>Es stellt sicher, dass Anfragen w\u00e4hrend einer Browsersitzung vom Benutzer und nicht von b\u00f6sartigen Websites stammen.<\/em><\/td><\/tr><tr><td width=\"22%\"><p><em>APISID<\/em><\/p><p><em> <\/em><\/p><\/td><td width=\"19%\"><p><em>google.com<\/em><\/p><p><em> <\/em><\/p><\/td><td width=\"12%\"><em>1 Jahr<\/em><\/td><td width=\"15%\"><p><em>Werbung (Google)<\/em><\/p><p><em> <\/em><\/p><\/td><td width=\"29%\"><em>Wird von Google verwendet, um Anzeigen auf Google-Diensten zu personalisieren.<\/em><\/td><\/tr><tr><td width=\"22%\"><p><em>cmplz_banner-status<\/em><\/p><p><em> <\/em><\/p><\/td><td width=\"19%\"><p><em>www.llullsastre.com<\/em><\/p><p><em> <\/em><\/p><\/td><td width=\"12%\"><em>3 Tage<\/em><\/td><td width=\"15%\"><p><em>T\u00e9cnica (Consentimiento)<\/em><\/p><p><em> <\/em><\/p><\/td><td width=\"29%\"><em>Es wird protokolliert, ob der Nutzer das Cookie-Banner akzeptiert oder abgelehnt hat.<\/em><\/td><\/tr><tr><td width=\"22%\"><em>cmplz_consented_services<\/em><\/td><td width=\"19%\"><em>www.llullsastre.com<\/em><\/td><td width=\"12%\"><em>3 d\u00edas<\/em><\/td><td width=\"15%\"><em>T\u00e9cnica (Consentimiento)<\/em><\/td><td width=\"29%\"><em>Registra los servicios para los que el usuario ha otorgado consentimiento.<\/em><\/td><\/tr><tr><td width=\"22%\"><em>cmplz_functional<\/em><\/td><td width=\"19%\"><em>www.llullsastre.com<\/em><\/td><td width=\"12%\"><em>3 d\u00edas<\/em><\/td><td width=\"15%\"><em>Preferencias \/ Funcional<\/em><\/td><td width=\"29%\"><em>Guarda si el usuario permite cookies funcionales (por ejemplo, recordar idioma o sesi\u00f3n).<\/em><\/td><\/tr><tr><td width=\"22%\"><em>cmplz_marketing<\/em><\/td><td width=\"19%\"><em>www.llullsastre.com<\/em><\/td><td width=\"12%\"><em>3 d\u00edas<\/em><\/td><td width=\"15%\"><em>Publicitaria (Consentimiento)<\/em><\/td><td width=\"29%\"><em>Indica si el usuario permite cookies de marketing o publicidad.<\/em><\/td><\/tr><tr><td width=\"22%\"><em>cmplz_policy_id<\/em><\/td><td width=\"19%\"><em>www.llullsastre.com<\/em><\/td><td width=\"12%\"><em>3 d\u00edas<\/em><\/td><td width=\"15%\"><em>T\u00e9cnica (Consentimiento)<\/em><\/td><td width=\"29%\"><em>Guarda la versi\u00f3n de la pol\u00edtica de cookies aceptada.<\/em><\/td><\/tr><tr><td width=\"22%\"><em>cmplz_preferences<\/em><\/td><td width=\"19%\"><em>www.llullsastre.com<\/em><\/td><td width=\"12%\"><em>3 d\u00edas<\/em><\/td><td width=\"15%\"><em>Preferencias<\/em><\/td><td width=\"29%\"><em>Registra si el usuario acepta cookies de preferencias (p. ej. idioma, regi\u00f3n).<\/em><\/td><\/tr><tr><td width=\"22%\"><em>cmplz_statistics<\/em><\/td><td width=\"19%\"><em>www.llullsastre.com<\/em><\/td><td width=\"12%\"><em>3 d\u00edas<\/em><\/td><td width=\"15%\"><em>Anal\u00edtica (Consentimiento)<\/em><\/td><td width=\"29%\"><em>Indica si el usuario permite el uso de cookies estad\u00edsticas.<\/em><\/td><\/tr><tr><td width=\"22%\"><em>HSID<\/em><\/td><td width=\"19%\"><em>google.com<\/em><\/td><td width=\"12%\"><em>1 a\u00f1o<\/em><\/td><td width=\"15%\"><em>Seguridad \/ Autenticaci\u00f3n<\/em><\/td><td width=\"29%\"><em>Contiene registros cifrados de la cuenta de Google del usuario para protegerlo contra ataques.<\/em><\/td><\/tr><tr><td width=\"22%\"><em>NID<\/em><\/td><td width=\"19%\"><em>google.com<\/em><\/td><td width=\"12%\"><em>6 meses<\/em><\/td><td width=\"15%\"><em>Publicitaria (Google)<\/em><\/td><td width=\"29%\"><em>Contiene un identificador \u00fanico para recordar preferencias y mostrar anuncios personalizados.<\/em><\/td><\/tr><tr><td width=\"22%\"><em>OTZ<\/em><\/td><td width=\"19%\"><em>www.google.com<\/em><\/td><td width=\"12%\"><em>6 d\u00edas<\/em><\/td><td width=\"15%\"><em>Anal\u00edtica (Google)<\/em><\/td><td width=\"29%\"><em>Utilizada por Google Analytics para el an\u00e1lisis agregado del tr\u00e1fico web.<\/em><\/td><\/tr><tr><td width=\"22%\"><em>SAPISID<\/em><\/td><td width=\"19%\"><em>google.com<\/em><\/td><td width=\"12%\"><em>1 a\u00f1o<\/em><\/td><td width=\"15%\"><em>Publicitaria \/ Perfilado<\/em><\/td><td width=\"29%\"><em>Se usa para crear un perfil de los intereses del usuario y mostrar anuncios personalizados.<\/em><\/td><\/tr><tr><td width=\"22%\"><em>SEARCH_SAMESITE<\/em><\/td><td width=\"19%\"><em>google.com<\/em><\/td><td width=\"12%\"><em>6 meses<\/em><\/td><td width=\"15%\"><em>T\u00e9cnica \/ Seguridad<\/em><\/td><td width=\"29%\"><em>Previene el env\u00edo cruzado de cookies en solicitudes externas (protecci\u00f3n CSRF).<\/em><\/td><\/tr><tr><td width=\"22%\"><em>SID<\/em><\/td><td width=\"19%\"><em>google.com<\/em><\/td><td width=\"12%\"><em>1 a\u00f1o<\/em><\/td><td width=\"15%\"><em>Seguridad\/ Protecci\u00f3n<\/em><\/td><td width=\"29%\"><em>Protege los datos del usuario frente a accesos no autorizados.<\/em><\/td><\/tr><tr><td width=\"22%\"><em>SIDCC<\/em><\/td><td width=\"19%\"><em>google.com<\/em><\/td><td width=\"12%\"><em>1 a\u00f1o<\/em><\/td><td width=\"15%\"><em>Preferencias\/ Consentimiento<\/em><\/td><td width=\"29%\"><em>Almacena el estado de aceptaci\u00f3n<\/em><\/td><\/tr><tr><td width=\"22%\"><em>SOCS<\/em><\/td><td width=\"19%\"><em>google.com<\/em><\/td><td width=\"12%\"><em>11 meses<\/em><\/td><td width=\"15%\"><em>Preferencias\/ Consentimiento<\/em><\/td><td width=\"29%\"><em>Almacena el estado de aceptaci\u00f3n de cookies en servicios de Google<\/em><\/td><\/tr><tr><td width=\"22%\"><em>SSID<\/em><\/td><td width=\"19%\"><em>google.com<\/em><\/td><td width=\"12%\"><em>1 a\u00f1o<\/em><\/td><td width=\"15%\"><em>Seguridad\/ Autentiaci\u00f3n<\/em><\/td><td width=\"29%\"><em>Permite a Google identificar al usuario autenticado y proteger su sesi\u00f3n<\/em><\/td><\/tr><tr><td width=\"22%\"><em>wp-wpml_current_language<\/em><\/td><td width=\"19%\"><em>www.llullsastre.com<\/em><\/td><td width=\"12%\"><em>Sesi\u00f3n<\/em><\/td><td width=\"15%\"><em>Preferencias \/ Funcional<\/em><\/td><td width=\"29%\"><em>Guarda el idioma actual del sitio web seleccionado por el usuario.<\/em><\/td><\/tr><\/tbody><\/table>\t\t\t\t\t\t\t\t<\/div>\n\t\t\t\t\t<\/div>\n\t\t\t\t<\/div>\n\t\t\t\t<\/div>\n\t\t","protected":false},"excerpt":{"rendered":"<p>Rechtspolitik Verwendung von Cookies Der Zugriff auf diese Website erfordert die Verwendung von Cookies. Ein Cookie ist eine kleine Datei, die auf dem Computer des Nutzers gespeichert wird und es der Website erm\u00f6glicht, den Nutzer zu erkennen, Browsereinstellungen zu speichern, Formulardaten zu speichern, das Surfverhalten zu erfassen usw. Cookies sind f\u00fcr das Funktionieren des Internets [&hellip;]<\/p>\n","protected":false},"author":1,"featured_media":0,"parent":0,"menu_order":0,"comment_status":"closed","ping_status":"closed","template":"elementor_header_footer","meta":{"footnotes":""},"class_list":["post-5072","page","type-page","status-publish","hentry"],"yoast_head":"<!-- This site is optimized with the Yoast SEO plugin v26.8 - https:\/\/yoast.com\/product\/yoast-seo-wordpress\/ -->\n<title>Pol\u00edtica de cookies - llullsastre..com<\/title>\n<meta name=\"robots\" content=\"noindex, follow\" \/>\n<meta property=\"og:locale\" content=\"de_DE\" \/>\n<meta property=\"og:type\" content=\"article\" \/>\n<meta property=\"og:title\" content=\"Pol\u00edtica de cookies - llullsastre..com\" \/>\n<meta property=\"og:description\" content=\"Rechtspolitik Verwendung von Cookies Der Zugriff auf diese Website erfordert die Verwendung von Cookies. Ein Cookie ist eine kleine Datei, die auf dem Computer des Nutzers gespeichert wird und es der Website erm\u00f6glicht, den Nutzer zu erkennen, Browsereinstellungen zu speichern, Formulardaten zu speichern, das Surfverhalten zu erfassen usw. Cookies sind f\u00fcr das Funktionieren des Internets [&hellip;]\" \/>\n<meta property=\"og:url\" content=\"https:\/\/www.llullsastre.com\/de\/politica-de-cookies\/\" \/>\n<meta property=\"og:site_name\" content=\"llullsastre..com\" \/>\n<meta property=\"article:modified_time\" content=\"2026-05-05T11:21:12+00:00\" \/>\n<meta name=\"twitter:card\" content=\"summary_large_image\" \/>\n<meta name=\"twitter:label1\" content=\"Gesch\u00e4tzte Lesezeit\" \/>\n\t<meta name=\"twitter:data1\" content=\"5\u00a0Minuten\" \/>\n<script type=\"application\/ld+json\" class=\"yoast-schema-graph\">{\"@context\":\"https:\/\/schema.org\",\"@graph\":[{\"@type\":\"WebPage\",\"@id\":\"https:\/\/www.llullsastre.com\/de\/politica-de-cookies\/\",\"url\":\"https:\/\/www.llullsastre.com\/de\/politica-de-cookies\/\",\"name\":\"Pol\u00edtica de cookies - llullsastre..com\",\"isPartOf\":{\"@id\":\"https:\/\/www.llullsastre.com\/#website\"},\"datePublished\":\"2026-02-16T14:00:59+00:00\",\"dateModified\":\"2026-05-05T11:21:12+00:00\",\"breadcrumb\":{\"@id\":\"https:\/\/www.llullsastre.com\/de\/politica-de-cookies\/#breadcrumb\"},\"inLanguage\":\"de\",\"potentialAction\":[{\"@type\":\"ReadAction\",\"target\":[\"https:\/\/www.llullsastre.com\/de\/politica-de-cookies\/\"]}]},{\"@type\":\"BreadcrumbList\",\"@id\":\"https:\/\/www.llullsastre.com\/de\/politica-de-cookies\/#breadcrumb\",\"itemListElement\":[{\"@type\":\"ListItem\",\"position\":1,\"name\":\"Portada\",\"item\":\"https:\/\/www.llullsastre.com\/de\/bauunternehmen-auf-mallorca\/\"},{\"@type\":\"ListItem\",\"position\":2,\"name\":\"Pol\u00edtica de cookies\"}]},{\"@type\":\"WebSite\",\"@id\":\"https:\/\/www.llullsastre.com\/#website\",\"url\":\"https:\/\/www.llullsastre.com\/\",\"name\":\"llullsastre..com\",\"description\":\"\",\"potentialAction\":[{\"@type\":\"SearchAction\",\"target\":{\"@type\":\"EntryPoint\",\"urlTemplate\":\"https:\/\/www.llullsastre.com\/?s={search_term_string}\"},\"query-input\":{\"@type\":\"PropertyValueSpecification\",\"valueRequired\":true,\"valueName\":\"search_term_string\"}}],\"inLanguage\":\"de\"}]}<\/script>\n<!-- \/ Yoast SEO plugin. -->","yoast_head_json":{"title":"Pol\u00edtica de cookies - llullsastre..com","robots":{"index":"noindex","follow":"follow"},"og_locale":"de_DE","og_type":"article","og_title":"Pol\u00edtica de cookies - llullsastre..com","og_description":"Rechtspolitik Verwendung von Cookies Der Zugriff auf diese Website erfordert die Verwendung von Cookies. Ein Cookie ist eine kleine Datei, die auf dem Computer des Nutzers gespeichert wird und es der Website erm\u00f6glicht, den Nutzer zu erkennen, Browsereinstellungen zu speichern, Formulardaten zu speichern, das Surfverhalten zu erfassen usw. Cookies sind f\u00fcr das Funktionieren des Internets [&hellip;]","og_url":"https:\/\/www.llullsastre.com\/de\/politica-de-cookies\/","og_site_name":"llullsastre..com","article_modified_time":"2026-05-05T11:21:12+00:00","twitter_card":"summary_large_image","twitter_misc":{"Gesch\u00e4tzte Lesezeit":"5\u00a0Minuten"},"schema":{"@context":"https:\/\/schema.org","@graph":[{"@type":"WebPage","@id":"https:\/\/www.llullsastre.com\/de\/politica-de-cookies\/","url":"https:\/\/www.llullsastre.com\/de\/politica-de-cookies\/","name":"Pol\u00edtica de cookies - llullsastre..com","isPartOf":{"@id":"https:\/\/www.llullsastre.com\/#website"},"datePublished":"2026-02-16T14:00:59+00:00","dateModified":"2026-05-05T11:21:12+00:00","breadcrumb":{"@id":"https:\/\/www.llullsastre.com\/de\/politica-de-cookies\/#breadcrumb"},"inLanguage":"de","potentialAction":[{"@type":"ReadAction","target":["https:\/\/www.llullsastre.com\/de\/politica-de-cookies\/"]}]},{"@type":"BreadcrumbList","@id":"https:\/\/www.llullsastre.com\/de\/politica-de-cookies\/#breadcrumb","itemListElement":[{"@type":"ListItem","position":1,"name":"Portada","item":"https:\/\/www.llullsastre.com\/de\/bauunternehmen-auf-mallorca\/"},{"@type":"ListItem","position":2,"name":"Pol\u00edtica de cookies"}]},{"@type":"WebSite","@id":"https:\/\/www.llullsastre.com\/#website","url":"https:\/\/www.llullsastre.com\/","name":"llullsastre..com","description":"","potentialAction":[{"@type":"SearchAction","target":{"@type":"EntryPoint","urlTemplate":"https:\/\/www.llullsastre.com\/?s={search_term_string}"},"query-input":{"@type":"PropertyValueSpecification","valueRequired":true,"valueName":"search_term_string"}}],"inLanguage":"de"}]}},"_links":{"self":[{"href":"https:\/\/www.llullsastre.com\/de\/wp-json\/wp\/v2\/pages\/5072","targetHints":{"allow":["GET"]}}],"collection":[{"href":"https:\/\/www.llullsastre.com\/de\/wp-json\/wp\/v2\/pages"}],"about":[{"href":"https:\/\/www.llullsastre.com\/de\/wp-json\/wp\/v2\/types\/page"}],"author":[{"embeddable":true,"href":"https:\/\/www.llullsastre.com\/de\/wp-json\/wp\/v2\/users\/1"}],"replies":[{"embeddable":true,"href":"https:\/\/www.llullsastre.com\/de\/wp-json\/wp\/v2\/comments?post=5072"}],"version-history":[{"count":1,"href":"https:\/\/www.llullsastre.com\/de\/wp-json\/wp\/v2\/pages\/5072\/revisions"}],"predecessor-version":[{"id":5073,"href":"https:\/\/www.llullsastre.com\/de\/wp-json\/wp\/v2\/pages\/5072\/revisions\/5073"}],"wp:attachment":[{"href":"https:\/\/www.llullsastre.com\/de\/wp-json\/wp\/v2\/media?parent=5072"}],"curies":[{"name":"wp","href":"https:\/\/api.w.org\/{rel}","templated":true}]}}