{"id":5070,"date":"2026-02-16T14:02:33","date_gmt":"2026-02-16T14:02:33","guid":{"rendered":"https:\/\/www.llullsastre.com\/datenschutzrichtlinie\/"},"modified":"2026-05-05T11:14:45","modified_gmt":"2026-05-05T11:14:45","slug":"datenschutzrichtlinie","status":"publish","type":"page","link":"https:\/\/www.llullsastre.com\/de\/datenschutzrichtlinie\/","title":{"rendered":"Datenschutzrichtlinie"},"content":{"rendered":"\t\t<div data-elementor-type=\"wp-page\" data-elementor-id=\"5070\" class=\"elementor elementor-5070 elementor-614\" data-elementor-post-type=\"page\">\n\t\t\t\t<div class=\"elementor-element elementor-element-4114e2b e-flex e-con-boxed e-con e-child\" data-id=\"4114e2b\" data-element_type=\"container\" data-e-type=\"container\">\n\t\t\t\t\t<div class=\"e-con-inner\">\n\t\t\t\t<div class=\"elementor-element elementor-element-1fd91d8 elementor-widget elementor-widget-heading\" data-id=\"1fd91d8\" data-element_type=\"widget\" data-e-type=\"widget\" data-widget_type=\"heading.default\">\n\t\t\t\t\t<h1 class=\"elementor-heading-title elementor-size-default\">Datenschutzrichtlinie<\/h1>\t\t\t\t<\/div>\n\t\t\t\t<div class=\"elementor-element elementor-element-e78821e elementor-widget elementor-widget-text-editor\" data-id=\"e78821e\" data-element_type=\"widget\" data-e-type=\"widget\" data-widget_type=\"text-editor.default\">\n\t\t\t\t\t\t\t\t\t<h4>Schutz personenbezogener Daten<\/h4><p>Mit diesem Rechtshinweis informiert das Unternehmen die Nutzer der Website \u00fcber seine Datenschutzrichtlinien und den Schutz personenbezogener Daten.<\/p><p>Das Unternehmen garantiert die Vertraulichkeit der \u00fcbermittelten personenbezogenen Daten, die in seine Verarbeitungssysteme aufgenommen werden. Das Unternehmen ist hierf\u00fcr der Verantwortliche. Dar\u00fcber hinaus verpflichtet sich das Unternehmen zur Einhaltung der Bestimmungen der Datenschutz-Grundverordnung (EU) 2016\/679 und des spanischen Organgesetzes 3\/2018 zum Datenschutz und zur Gew\u00e4hrleistung digitaler Rechte. Es trifft die notwendigen technischen und organisatorischen Ma\u00dfnahmen, um Verlust, Missbrauch, Ver\u00e4nderung und unbefugten Zugriff zu verhindern und ber\u00fccksichtigt dabei den Stand der Technik, die Art der Daten und die damit verbundenen Risiken. <\/p><h4>Daten des Datenverantwortlichen<\/h4><p>Der Datenverantwortliche ist CONSTRUCCIONES LLULL SASTRE S.A.U. mit Sitz in Calle Guillem Galm\u00e9s, Nr. 6, Erdgeschoss, 07004, Palma de Mallorca, Balearen; <a href=\"mailto:llull@llullsastre.com\">llull@llullsastre.com<\/a><\/p><h4>Datenverarbeitung<\/h4><h5>Kontaktbereich<\/h5><table width=\"620\"><tbody><tr><td width=\"141\"><strong>Zweck der Verarbeitung<\/strong>:<\/td> <td width=\"478\">Die von den Interessenten bereitgestellten Informationen werden verarbeitet, um auf die Informationsanfrage zu antworten und den Interessenten, sofern sie ihre Einwilligung erteilt haben, Angebote f\u00fcr Produkte und Dienstleistungen zu unterbreiten, die f\u00fcr sie von Interesse sein k\u00f6nnten.<\/td><\/tr><tr><td width=\"141\"><strong>Datenaufbewahrung<\/strong><\/td><td width=\"478\">Die erhobenen personenbezogenen Daten werden so lange gespeichert, wie ein beiderseitiges Interesse daran besteht. Die betroffene Person kann die L\u00f6schung ihrer Daten verlangen. <\/td><\/tr><tr><td width=\"141\"><strong>Legitimation der Verarbeitung<\/strong><\/td><td width=\"478\"><p>Die Rechtsgrundlage f\u00fcr die Verarbeitung Ihrer Daten ist die Einholung Ihrer Einwilligung.<\/p><p>Die mit einem Sternchen gekennzeichneten Felder sind Pflichtfelder; wenn sie nicht ausgef\u00fcllt werden, kann das Formular nicht abgeschickt werden.<\/p><\/td><\/tr><tr><td width=\"141\"><strong>Empf\u00e4nger von \u00dcbertragungen<\/strong>:<\/td> <td width=\"478\">Es sind keine Daten\u00fcbertragungen geplant.<\/td><\/tr><tr><td width=\"141\">Empf\u00e4nger internationaler Geldtransfers<\/td> <td width=\"478\">Es sind keine internationalen Geldtransfers in Drittl\u00e4nder geplant.<\/td><\/tr><\/tbody><\/table><h4> <\/h4><h5>Lehrplanabschnitt<\/h5><table width=\"620\"><tbody><tr><td width=\"141\">Zweck der Verarbeitung<\/td> <td width=\"478\">Wir verarbeiten die personenbezogenen Daten des Nutzers aus dem Lebenslauf f\u00fcr Personalmanagement- und Personalauswahlprozesse.<\/td><\/tr><tr><td width=\"141\">Datenspeicherung:<\/td> <td width=\"478\">Die erhobenen personenbezogenen Daten werden f\u00fcr einen Zeitraum von einem Jahr gespeichert, es sei denn, die betroffene Person wird Teil des Personals des Verantwortlichen.<\/td><\/tr><tr><td width=\"141\">Rechtsgrundlage f\u00fcr die Verarbeitung:<\/td> <td width=\"478\">Die Rechtsgrundlage f\u00fcr die Verarbeitung Ihrer Daten ist die Einwilligung der betroffenen Personen.<\/td><\/tr><tr><td width=\"141\">Empf\u00e4nger von \u00dcbertragungen:<\/td> <td width=\"478\">Es sind keine Daten\u00fcbertragungen geplant.<\/td><\/tr><tr><td width=\"141\">Empf\u00e4nger internationaler Geldtransfers<\/td> <td width=\"478\">Es sind keine internationalen Geldtransfers in Drittl\u00e4nder geplant.<\/td><\/tr><\/tbody><\/table><h5> <\/h5><h5>Datenschutzrichtlinie f\u00fcr Budgetzwecke<\/h5><table width=\"620\"><tbody><tr><td width=\"141\">Zweck der Verarbeitung:<\/td> <td width=\"478\">Es werden die zur Erstellung der angeforderten Angebote erforderlichen personenbezogenen Daten verarbeitet.<\/td><\/tr><tr><td width=\"141\">Datenspeicherung: <\/td><td width=\"478\">Die erhobenen personenbezogenen Daten werden f\u00fcr den gesetzlich vorgeschriebenen Zeitraum gespeichert.<\/td><\/tr><tr><td width=\"141\">Rechtsgrundlage f\u00fcr die Verarbeitung<\/td>: <td width=\"478\">Die Rechtsgrundlage f\u00fcr die Verarbeitung Ihrer Daten ist die Anwendung vorvertraglicher Ma\u00dfnahmen und in einigen F\u00e4llen die Einwilligung der betroffenen Person.<\/td><\/tr><tr><td width=\"141\">Empf\u00e4nger von \u00dcbertragungen:<\/td> <td width=\"478\">Es sind keine Daten\u00fcbertragungen geplant.<\/td><\/tr><tr><td width=\"141\">Empf\u00e4nger internationaler Geldtransfers<\/td> <td width=\"478\">Es sind keine internationalen Geldtransfers in Drittl\u00e4nder geplant.<\/td><\/tr><\/tbody><\/table><h4> <\/h4><h5>Datenschutzrichtlinie f\u00fcr Abrechnungszwecke<\/h5><table width=\"620\"><tbody><tr><td width=\"141\">Zweck der Datenverarbeitung<\/td> <td width=\"478\">Der Zweck der Datenverarbeitung besteht in der Verwaltung der vertraglich vereinbarten Leistungen und deren Abrechnung.<\/td><\/tr><tr><td width=\"141\"><strong>Datenaufbewahrung<\/strong><\/td><td width=\"478\">Die erhobenen personenbezogenen Daten werden so lange gespeichert, wie ein Vertragsverh\u00e4ltnis besteht. Nach Beendigung dieses Verh\u00e4ltnisses werden die Daten so lange aufbewahrt, wie es gesetzlich vorgeschrieben ist. <\/td><\/tr><tr><td width=\"141\">Rechtsgrundlage f\u00fcr die Verarbeitung<\/td>: <td width=\"478\">Die Rechtsgrundlage f\u00fcr die Verarbeitung Ihrer Daten ist die Erf\u00fcllung eines Vertrags und in einigen F\u00e4llen die Einwilligung der betroffenen Person.<\/td><\/tr><tr><td width=\"141\">Empf\u00e4nger der \u00dcberweisungen<\/td>: <td width=\"478\">An Bankinstitute und an die gesetzlich vorgesehene \u00f6ffentliche Verwaltung.<\/td><\/tr><tr><td width=\"141\"><\/td><td width=\"478\">Empf\u00e4nger internationaler Geldtransfers<\/td> Es sind keine internationalen Geldtransfers in Drittl\u00e4nder geplant.<\/tr><\/tbody><\/table><h4> <\/h4><h4>Datenschutzrichtlinien f\u00fcr soziale Netzwerke<\/h4><p>Der Nutzer besitzt ein Profil im selben sozialen Netzwerk wie die Organisation und hat sich entschieden, der Seite beizutreten, wodurch er sein Interesse an den auf dem Profil ver\u00f6ffentlichten Informationen bekundet. Der Nutzer kann jederzeit die Datenschutzrichtlinien des sozialen Netzwerks einsehen und sein Profil entsprechend konfigurieren, um seine Privatsph\u00e4re zu gew\u00e4hrleisten. <\/p><table width=\"620\"><tbody><tr><td width=\"141\">Zweck der Datenverarbeitung<\/td>: <td width=\"478\">Zweck der Datenverarbeitung ist die Aufrechterhaltung der Gesch\u00e4ftsbeziehung, die Beantwortung von Informationsanfragen und die Unterbreitung von Angeboten f\u00fcr Produkte und Dienstleistungen, die f\u00fcr die Interessenten von Interesse sein k\u00f6nnten, sofern die Interessenten ihre Einwilligung erteilt haben.<\/td><\/tr><tr><td width=\"141\">Datenspeicherung:<\/td> <td width=\"478\">Die erhobenen personenbezogenen Daten werden so lange gespeichert, wie ein beiderseitiges Interesse besteht und die betroffene Person nicht deren L\u00f6schung verlangt.<\/td><\/tr><tr><td width=\"141\">Rechtsgrundlage f\u00fcr die Verarbeitung:<\/td> <td width=\"478\">Die Rechtsgrundlage f\u00fcr die Verarbeitung Ihrer Daten ist die Einwilligung des Nutzers gem\u00e4\u00df dem Profil der Organisation.<\/td><\/tr><tr><td width=\"141\">Empf\u00e4nger von \u00dcbertragungen<\/td>: <td width=\"478\">Es sind keine Daten\u00fcbertragungen geplant.<\/td><\/tr><tr><td width=\"141\"><strong>Empf\u00e4nger internationaler Geldtransfers<\/strong><\/td><td width=\"478\">Es k\u00f6nnen internationale Daten\u00fcbermittlungen in Drittl\u00e4nder erfolgen. Bitte lesen Sie die Datenschutzrichtlinien des jeweiligen sozialen Netzwerks. <\/td><\/tr><\/tbody><\/table><h4> <\/h4><h4>Rechte der Beteiligten<\/h4><p>Die geltenden Datenschutzbestimmungen gew\u00e4hren Ihnen eine Reihe von Rechten hinsichtlich der Verwendung Ihrer Daten durch uns. Jedes dieser Rechte ist pers\u00f6nlich und nicht \u00fcbertragbar, d. h. es kann nur von der betroffenen Person nach \u00dcberpr\u00fcfung ihrer Identit\u00e4t ausge\u00fcbt werden. <\/p><p>Interessierte k\u00f6nnen folgende Rechte aus\u00fcben:<\/p><ul><li>Zugriff auf Ihre personenbezogenen Daten;<\/li><li>Zur Berichtigung und Aktualisierung Ihrer personenbezogenen Daten;<\/li><li>L\u00f6schung, wenn die Daten unter anderem deshalb nicht mehr f\u00fcr die Zwecke ben\u00f6tigt werden, f\u00fcr die sie erhoben wurden.<\/li><li>Einschr\u00e4nkung der Verarbeitung Ihrer Daten unter bestimmten Umst\u00e4nden; in diesem Fall speichert der Datenverantwortliche die Daten nur noch zur Geltendmachung oder Verteidigung von Rechtsanspr\u00fcchen.<\/li><li>Sie haben das Recht, unter bestimmten Umst\u00e4nden und aus Gr\u00fcnden, die sich aus Ihrer besonderen Situation ergeben, der Verarbeitung Ihrer Daten zu widersprechen. In diesem Fall speichert der Verantwortliche die personenbezogenen Daten nur noch zum Zwecke der Geltendmachung oder Verteidigung von Rechtsanspr\u00fcchen.<\/li><li>Hinsichtlich der \u00dcbertragbarkeit Ihrer personenbezogenen Daten, wenn diese Daten automatisiert verarbeitet werden.<\/li><li>Die betroffene Person hat das Recht, ihre Einwilligung jederzeit zu widerrufen, ohne dass die Rechtm\u00e4\u00dfigkeit der aufgrund der Einwilligung bis zum Widerruf erfolgten Verarbeitung ber\u00fchrt wird.<\/li><li>Die betroffene Person kann eine Beschwerde bei der zust\u00e4ndigen Datenschutzaufsichtsbeh\u00f6rde einreichen, insbesondere wenn sie bei der Aus\u00fcbung ihrer Rechte keine zufriedenstellende L\u00f6sung gefunden hat, und sie kann Auskunft dar\u00fcber geben, wie sie den Verantwortlichen kontaktieren kann.<\/li><\/ul><p>Dazu m\u00fcssen Sie einen schriftlichen und unterschriebenen Antrag einreichen. Sie k\u00f6nnen ein Standardformular anfordern. <\/p><p>Hat der Datenverantwortliche begr\u00fcndete Zweifel an der Identit\u00e4t des Nutzers, kann er einen Identit\u00e4tsnachweis verlangen.<\/p><p>Sie k\u00f6nnen Ihre Anfrage auch per E-Mail an <a href=\"mailto:llull@llullsastre.com\">llull@llullsastre.com <\/a>senden. Dort erhalten Sie Informationen zum weiteren Vorgehen.<\/p><p>Die betroffene Person hat das Recht, ihre Einwilligung jederzeit zu widerrufen, ohne dass die Rechtm\u00e4\u00dfigkeit der aufgrund der Einwilligung bis zum Widerruf erfolgten Verarbeitung ber\u00fchrt wird.<\/p><p>Die betroffene Person kann eine Beschwerde bei der zust\u00e4ndigen Datenschutzaufsichtsbeh\u00f6rde einreichen, insbesondere wenn sie bei der Aus\u00fcbung ihrer Rechte und\/oder bei der Kontaktaufnahme mit dem Verantwortlichen keine zufriedenstellende L\u00f6sung gefunden hat.<\/p>\t\t\t\t\t\t\t\t<\/div>\n\t\t\t\t\t<\/div>\n\t\t\t\t<\/div>\n\t\t\t\t<\/div>\n\t\t","protected":false},"excerpt":{"rendered":"<p>Datenschutzrichtlinie Schutz personenbezogener Daten Mit diesem Rechtshinweis informiert das Unternehmen die Nutzer der Website \u00fcber seine Datenschutzrichtlinien und den Schutz personenbezogener Daten. Das Unternehmen garantiert die Vertraulichkeit der \u00fcbermittelten personenbezogenen Daten, die in seine Verarbeitungssysteme aufgenommen werden. Das Unternehmen ist hierf\u00fcr der Verantwortliche. Dar\u00fcber hinaus verpflichtet sich das Unternehmen zur Einhaltung der Bestimmungen der Datenschutz-Grundverordnung [&hellip;]<\/p>\n","protected":false},"author":1,"featured_media":0,"parent":0,"menu_order":0,"comment_status":"closed","ping_status":"closed","template":"elementor_header_footer","meta":{"footnotes":""},"class_list":["post-5070","page","type-page","status-publish","hentry"],"yoast_head":"<!-- This site is optimized with the Yoast SEO plugin v26.8 - https:\/\/yoast.com\/product\/yoast-seo-wordpress\/ -->\n<title>Datenschutzrichtlinie - llullsastre..com<\/title>\n<meta name=\"robots\" content=\"noindex, follow\" \/>\n<meta property=\"og:locale\" content=\"de_DE\" \/>\n<meta property=\"og:type\" content=\"article\" \/>\n<meta property=\"og:title\" content=\"Datenschutzrichtlinie - llullsastre..com\" \/>\n<meta property=\"og:description\" content=\"Datenschutzrichtlinie Schutz personenbezogener Daten Mit diesem Rechtshinweis informiert das Unternehmen die Nutzer der Website \u00fcber seine Datenschutzrichtlinien und den Schutz personenbezogener Daten. Das Unternehmen garantiert die Vertraulichkeit der \u00fcbermittelten personenbezogenen Daten, die in seine Verarbeitungssysteme aufgenommen werden. Das Unternehmen ist hierf\u00fcr der Verantwortliche. Dar\u00fcber hinaus verpflichtet sich das Unternehmen zur Einhaltung der Bestimmungen der Datenschutz-Grundverordnung [&hellip;]\" \/>\n<meta property=\"og:url\" content=\"https:\/\/www.llullsastre.com\/de\/datenschutzrichtlinie\/\" \/>\n<meta property=\"og:site_name\" content=\"llullsastre..com\" \/>\n<meta property=\"article:modified_time\" content=\"2026-05-05T11:14:45+00:00\" \/>\n<meta name=\"twitter:card\" content=\"summary_large_image\" \/>\n<meta name=\"twitter:label1\" content=\"Gesch\u00e4tzte Lesezeit\" \/>\n\t<meta name=\"twitter:data1\" content=\"5\u00a0Minuten\" \/>\n<script type=\"application\/ld+json\" class=\"yoast-schema-graph\">{\"@context\":\"https:\/\/schema.org\",\"@graph\":[{\"@type\":\"WebPage\",\"@id\":\"https:\/\/www.llullsastre.com\/de\/datenschutzrichtlinie\/\",\"url\":\"https:\/\/www.llullsastre.com\/de\/datenschutzrichtlinie\/\",\"name\":\"Datenschutzrichtlinie - llullsastre..com\",\"isPartOf\":{\"@id\":\"https:\/\/www.llullsastre.com\/#website\"},\"datePublished\":\"2026-02-16T14:02:33+00:00\",\"dateModified\":\"2026-05-05T11:14:45+00:00\",\"breadcrumb\":{\"@id\":\"https:\/\/www.llullsastre.com\/de\/datenschutzrichtlinie\/#breadcrumb\"},\"inLanguage\":\"de\",\"potentialAction\":[{\"@type\":\"ReadAction\",\"target\":[\"https:\/\/www.llullsastre.com\/de\/datenschutzrichtlinie\/\"]}]},{\"@type\":\"BreadcrumbList\",\"@id\":\"https:\/\/www.llullsastre.com\/de\/datenschutzrichtlinie\/#breadcrumb\",\"itemListElement\":[{\"@type\":\"ListItem\",\"position\":1,\"name\":\"Portada\",\"item\":\"https:\/\/www.llullsastre.com\/de\/bauunternehmen-auf-mallorca\/\"},{\"@type\":\"ListItem\",\"position\":2,\"name\":\"Datenschutzrichtlinie\"}]},{\"@type\":\"WebSite\",\"@id\":\"https:\/\/www.llullsastre.com\/#website\",\"url\":\"https:\/\/www.llullsastre.com\/\",\"name\":\"llullsastre..com\",\"description\":\"\",\"potentialAction\":[{\"@type\":\"SearchAction\",\"target\":{\"@type\":\"EntryPoint\",\"urlTemplate\":\"https:\/\/www.llullsastre.com\/?s={search_term_string}\"},\"query-input\":{\"@type\":\"PropertyValueSpecification\",\"valueRequired\":true,\"valueName\":\"search_term_string\"}}],\"inLanguage\":\"de\"}]}<\/script>\n<!-- \/ Yoast SEO plugin. -->","yoast_head_json":{"title":"Datenschutzrichtlinie - llullsastre..com","robots":{"index":"noindex","follow":"follow"},"og_locale":"de_DE","og_type":"article","og_title":"Datenschutzrichtlinie - llullsastre..com","og_description":"Datenschutzrichtlinie Schutz personenbezogener Daten Mit diesem Rechtshinweis informiert das Unternehmen die Nutzer der Website \u00fcber seine Datenschutzrichtlinien und den Schutz personenbezogener Daten. Das Unternehmen garantiert die Vertraulichkeit der \u00fcbermittelten personenbezogenen Daten, die in seine Verarbeitungssysteme aufgenommen werden. Das Unternehmen ist hierf\u00fcr der Verantwortliche. Dar\u00fcber hinaus verpflichtet sich das Unternehmen zur Einhaltung der Bestimmungen der Datenschutz-Grundverordnung [&hellip;]","og_url":"https:\/\/www.llullsastre.com\/de\/datenschutzrichtlinie\/","og_site_name":"llullsastre..com","article_modified_time":"2026-05-05T11:14:45+00:00","twitter_card":"summary_large_image","twitter_misc":{"Gesch\u00e4tzte Lesezeit":"5\u00a0Minuten"},"schema":{"@context":"https:\/\/schema.org","@graph":[{"@type":"WebPage","@id":"https:\/\/www.llullsastre.com\/de\/datenschutzrichtlinie\/","url":"https:\/\/www.llullsastre.com\/de\/datenschutzrichtlinie\/","name":"Datenschutzrichtlinie - llullsastre..com","isPartOf":{"@id":"https:\/\/www.llullsastre.com\/#website"},"datePublished":"2026-02-16T14:02:33+00:00","dateModified":"2026-05-05T11:14:45+00:00","breadcrumb":{"@id":"https:\/\/www.llullsastre.com\/de\/datenschutzrichtlinie\/#breadcrumb"},"inLanguage":"de","potentialAction":[{"@type":"ReadAction","target":["https:\/\/www.llullsastre.com\/de\/datenschutzrichtlinie\/"]}]},{"@type":"BreadcrumbList","@id":"https:\/\/www.llullsastre.com\/de\/datenschutzrichtlinie\/#breadcrumb","itemListElement":[{"@type":"ListItem","position":1,"name":"Portada","item":"https:\/\/www.llullsastre.com\/de\/bauunternehmen-auf-mallorca\/"},{"@type":"ListItem","position":2,"name":"Datenschutzrichtlinie"}]},{"@type":"WebSite","@id":"https:\/\/www.llullsastre.com\/#website","url":"https:\/\/www.llullsastre.com\/","name":"llullsastre..com","description":"","potentialAction":[{"@type":"SearchAction","target":{"@type":"EntryPoint","urlTemplate":"https:\/\/www.llullsastre.com\/?s={search_term_string}"},"query-input":{"@type":"PropertyValueSpecification","valueRequired":true,"valueName":"search_term_string"}}],"inLanguage":"de"}]}},"_links":{"self":[{"href":"https:\/\/www.llullsastre.com\/de\/wp-json\/wp\/v2\/pages\/5070","targetHints":{"allow":["GET"]}}],"collection":[{"href":"https:\/\/www.llullsastre.com\/de\/wp-json\/wp\/v2\/pages"}],"about":[{"href":"https:\/\/www.llullsastre.com\/de\/wp-json\/wp\/v2\/types\/page"}],"author":[{"embeddable":true,"href":"https:\/\/www.llullsastre.com\/de\/wp-json\/wp\/v2\/users\/1"}],"replies":[{"embeddable":true,"href":"https:\/\/www.llullsastre.com\/de\/wp-json\/wp\/v2\/comments?post=5070"}],"version-history":[{"count":1,"href":"https:\/\/www.llullsastre.com\/de\/wp-json\/wp\/v2\/pages\/5070\/revisions"}],"predecessor-version":[{"id":5071,"href":"https:\/\/www.llullsastre.com\/de\/wp-json\/wp\/v2\/pages\/5070\/revisions\/5071"}],"wp:attachment":[{"href":"https:\/\/www.llullsastre.com\/de\/wp-json\/wp\/v2\/media?parent=5070"}],"curies":[{"name":"wp","href":"https:\/\/api.w.org\/{rel}","templated":true}]}}