{"id":5068,"date":"2026-02-16T13:58:28","date_gmt":"2026-02-16T13:58:28","guid":{"rendered":"https:\/\/www.llullsastre.com\/rechtlicher-hinweis\/"},"modified":"2026-05-05T11:01:30","modified_gmt":"2026-05-05T11:01:30","slug":"rechtlicher-hinweis","status":"publish","type":"page","link":"https:\/\/www.llullsastre.com\/de\/rechtlicher-hinweis\/","title":{"rendered":"Rechtlicher Hinweis"},"content":{"rendered":"\t\t<div data-elementor-type=\"wp-page\" data-elementor-id=\"5068\" class=\"elementor elementor-5068 elementor-590\" data-elementor-post-type=\"page\">\n\t\t\t\t<div class=\"elementor-element elementor-element-ceb3293 e-flex e-con-boxed e-con e-child\" data-id=\"ceb3293\" data-element_type=\"container\" data-e-type=\"container\">\n\t\t\t\t\t<div class=\"e-con-inner\">\n\t\t\t\t<div class=\"elementor-element elementor-element-8edc6a3 elementor-widget elementor-widget-heading\" data-id=\"8edc6a3\" data-element_type=\"widget\" data-e-type=\"widget\" data-widget_type=\"heading.default\">\n\t\t\t\t\t<h1 class=\"elementor-heading-title elementor-size-default\">Rechtlicher Hinweis<\/h1>\t\t\t\t<\/div>\n\t\t\t\t<div class=\"elementor-element elementor-element-095345c elementor-widget elementor-widget-text-editor\" data-id=\"095345c\" data-element_type=\"widget\" data-e-type=\"widget\" data-widget_type=\"text-editor.default\">\n\t\t\t\t\t\t\t\t\t<p><strong><em>Einf\u00fchrung<\/em><\/strong><\/p><p><em>Diese rechtlichen Hinweise, Nutzungsbedingungen und Datenschutzerkl\u00e4rung regeln den Zugriff auf, das Browsen, die Nutzung und die Inanspruchnahme dieser Website sowie die Buchung von Dienstleistungen \u00fcber diese Website und die Nutzung ihrer Inhalte. Die f\u00fcr die gesamte Website geltende Datenschutzerkl\u00e4rung ist hier ebenfalls aufgef\u00fchrt. <\/em><\/p><p><strong><em>Angaben zum Inhaber<\/em><\/strong><\/p><p><em>Gem\u00e4\u00df Artikel 10 des Gesetzes 34\/2002 vom 11. Juli \u00fcber Dienste der Informationsgesellschaft und des elektronischen Gesch\u00e4ftsverkehrs werden die Identifikationsdaten des Inhabers der Website nachfolgend aufgef\u00fchrt:<\/em><\/p><p>Firmenname: CONSTRUCCIONES LLULL SASTRE S.A.U., im Folgenden \u201edas Unternehmen\u201c.<\/p><p>Eingetragener Sitz: Calle Guillem Galm\u00e9s, Nr. 6, Bajos.<\/p><p>Einwohnerzahl: Palma de Mallorca<\/p><p>Provinz: Balearen<\/p><p>Postleitzahl: 07004<\/p><p>Steueridentifikationsnummer: A07018112<\/p><p>E-Mail-Adresse: llull@llullsastre.com<\/p><p>Kontakttelefonnummer: 971763570<\/p><p>Eintragungsdetails im Handelsregister: eingetragen im Handelsregister von Palma de Mallorca in Band 107, Buch 50, Seite PM-2330, Eintrag 3,<\/p><p>T\u00e4tigkeit: Bauarbeiten<\/p><p><strong><em> <\/em><\/strong><\/p><p><strong><em>Nutzungsbedingungen<\/em><\/strong><\/p><p><em>Die Nutzung dieser Website setzt die Akzeptanz dieser rechtlichen Hinweise und Nutzungsbedingungen voraus. Jede Person, die die Website nutzt, gilt als Nutzer, unbeschadet etwaiger weiterer Aspekte, die sich aus ihrer Aktivit\u00e4t auf der Website ergeben. Nutzer sollten diese rechtlichen Hinweise und Nutzungsbedingungen der Website regelm\u00e4\u00dfig \u00fcberpr\u00fcfen, da diese \u00c4nderungen unterliegen k\u00f6nnen.   <\/em>\u00c4nderungen oder Aktualisierungen k\u00f6nnen jederzeit und ohne vorherige Ank\u00fcndigung vorgenommen werden; \u00c4nderungen aufgrund gesetzlicher Bestimmungen, \u00c4nderungen am Design, der Pr\u00e4sentation und\/oder der Konfiguration dieser Website sowie an einigen oder allen Diensten k\u00f6nnen aus legitimen Gr\u00fcnden erfolgen.<\/p><p><strong><em>Nutzungsbedingungen der Website<\/em><\/strong><\/p><p><em>Der Zugriff auf die Website ist kostenlos und in der Regel geb\u00fchrenfrei. F\u00fcr die Nutzung einiger Inhalte oder Dienste der Website kann jedoch eine vorherige Anmeldung oder Registrierung erforderlich sein. <\/em><\/p><p><em>F\u00fcr den Zugang und die Nutzung der Website ist keine vorherige Anmeldung oder Registrierung der Benutzer erforderlich, es gibt jedoch auch einen privaten Bereich.<\/em><\/p><p><em>Der Zugriff auf die Inhalte und\/oder die Nutzung der \u00fcber diese Website angebotenen Dienste unterliegen den folgenden Regeln:<\/em><\/p><ol><li><em>Der Nutzer verpflichtet sich, diese Website und die von ihr angebotenen Dienste in voller \u00dcbereinstimmung mit dem Gesetz, den guten Sitten, diesem Rechtshinweis und den Nutzungsbedingungen ordnungsgem\u00e4\u00df zu nutzen.<\/em><\/li><li><em>Jegliche Nutzung, die nicht dem Zweck dieser Website entspricht, ist ausdr\u00fccklich untersagt.<\/em><\/li><li><em>Die vom Nutzer dem Verein \u00fcbermittelten Informationen m\u00fcssen wahrheitsgem\u00e4\u00df sein. Der Nutzer garantiert die Richtigkeit und Echtheit aller Daten, die er \u00fcber die verschiedenen Formulare oder auf anderem Wege auf dieser Website bereitstellt. <\/em><\/li><li><em>Der Nutzer tr\u00e4gt die alleinige Verantwortung f\u00fcr alle falschen oder ungenauen Angaben, die dem Verein oder Dritten aufgrund der bereitgestellten Informationen Schaden zuf\u00fcgen k\u00f6nnten.<\/em><\/li><li><em>Diese Website und\/oder ihre Inhalte d\u00fcrfen nicht mit der Absicht oder dem Zweck verwendet werden, die Rechte oder Interessen der Organisation, anderer Benutzer oder Dritter zu verletzen oder zu beeintr\u00e4chtigen.<\/em><\/li><li><em>Aktivit\u00e4ten, die gegen das Gesetz, die guten Sitten, die \u00f6ffentliche Ordnung oder allgemein anerkannte Gebr\u00e4uche versto\u00dfen, d\u00fcrfen nicht durchgef\u00fchrt werden.<\/em><\/li><li><em>Der Nutzer darf seine Identit\u00e4t nicht verf\u00e4lschen oder sich als Dritte ausgeben.<\/em><\/li><li><em>Inhalte, die Schadcode oder andere Software enthalten, die den Betrieb von Anwendungen, Computerger\u00e4ten oder Telekommunikationssystemen st\u00f6ren, zerst\u00f6ren oder besch\u00e4digen k\u00f6nnen, d\u00fcrfen nicht verbreitet oder verwaltet werden.<\/em><\/li><li><em>Es ist Ihnen untersagt, Aktivit\u00e4ten durchzuf\u00fchren, die diese Website, ihre Inhalte und\/oder Dienste sowie die dazugeh\u00f6rigen Ger\u00e4te, Systeme und Netzwerke besch\u00e4digen, beeintr\u00e4chtigen oder deaktivieren, auf Bereiche zuzugreifen oder dies zu versuchen, zu denen Sie keinen Zugriff haben, oder die Nutzung der Dienste durch andere Benutzer zu unterbrechen, abzufangen, zu manipulieren oder zu beeintr\u00e4chtigen.<\/em><\/li><\/ol><p><em>Es ist nicht m\u00f6glich, die auf dieser Website vorhandenen Symbole, die geistige oder gewerbliche Eigentumsrechte der Organisation, Dritter oder die zur Identifizierung oder zum Schutz von Inhalten eingerichteten technischen Vorrichtungen widerspiegeln, zu ver\u00e4ndern, zu entfernen oder zu manipulieren.<\/em><\/p><p><strong><em>Haftungsausschluss und Einreichungsklausel<\/em><\/strong><\/p><p><em>Diese von der Organisation entwickelte Website bietet Zugang zu Informationen, Neuigkeiten, Aktivit\u00e4ten und Dienstleistungen, die die Organisation f\u00fcr die Nutzer als interessant erachtet. <\/em><\/p><p><em>Der Nutzer tr\u00e4gt die volle Verantwortung f\u00fcr die Nutzung und den ordnungsgem\u00e4\u00dfen Gebrauch dieser Website, ihrer Inhalte und Dienste. Insbesondere und ohne Einschr\u00e4nkung \u00fcbernimmt die Organisation keine Verantwortung in den folgenden Bereichen: <\/em><\/p><ol><li><em>Diese Website enth\u00e4lt Links zu externen Seiten, \u00fcber die die Organisation keine Kontrolle hat.<\/em><\/li><li><em>Die Verf\u00fcgbarkeit und der Betrieb dieser Website, ihrer Inhalte und Dienste.<\/em><\/li><li><em>Die Verletzung geltender Gesetze durch den Nutzer oder Dritte und insbesondere von Rechten des geistigen oder gewerblichen Eigentums, die anderen Personen oder Organisationen geh\u00f6ren.<\/em><\/li><li><em>Das Vorhandensein von Schadcode oder anderen sch\u00e4dlichen Computerelementen, die Sch\u00e4den an den Computersystemen des Benutzers oder Dritter verursachen k\u00f6nnten. Es liegt in jedem Fall in der Verantwortung des Benutzers, \u00fcber geeignete Werkzeuge zur Erkennung und Entfernung dieser Elemente zu verf\u00fcgen. <\/em><\/li><li><em>Betr\u00fcgerischer Zugriff auf Inhalte oder Dienste durch nicht autorisierte Dritte oder, soweit zutreffend, das Abfangen, L\u00f6schen, Ver\u00e4ndern, Modifizieren oder Manipulieren von Nachrichten und Kommunikationen jeglicher Art, die solche Dritten durchf\u00fchren.<\/em><\/li><li><em>Die Genauigkeit, Wahrheitsgem\u00e4\u00dfheit, Aktualit\u00e4t und N\u00fctzlichkeit der angebotenen Inhalte und Dienstleistungen sowie deren anschlie\u00dfende Verwendung.<\/em><\/li><li><em>Sch\u00e4den an Computerger\u00e4ten und Benutzern w\u00e4hrend des Zugriffs auf diese Website, wenn diese auf St\u00f6rungen oder Unterbrechungen in Telekommunikationsnetzen zur\u00fcckzuf\u00fchren sind, die den Dienst unterbrechen.<\/em><\/li><li><em>Sch\u00e4den oder Verluste, die durch Umst\u00e4nde aufgrund unvorhergesehener Ereignisse oder h\u00f6herer Gewalt entstehen;<\/em><\/li><li><em>Der Nutzer ist f\u00fcr die Richtigkeit und Rechtm\u00e4\u00dfigkeit der in den Formularen zur Nutzung der Inhalte und Dienste dieser Website angegebenen Informationen verantwortlich. Er ist verpflichtet, uns unverz\u00fcglich \u00fcber jeden Vorfall zu informieren, der zu einem Missbrauch der in diesen Formularen erfassten Informationen f\u00fchren k\u00f6nnte, wie beispielsweise Diebstahl, Verlust oder unbefugter Zugriff, damit wir die L\u00f6schung veranlassen k\u00f6nnen. <\/em><\/li><\/ol><ol start=\"10\"><li><em>Die gegebenenfalls zwischen dem Nutzer und den Fachleuten, deren Dienstleistungen \u00fcber die Website angeboten werden, geschlossenen zus\u00e4tzlichen Bedingungen und\/oder privaten Vereinbarungen.<\/em><\/li><\/ol><p><em>Die Organisation lehnt jegliche Verantwortung f\u00fcr Folgen ab, die sich aus dem Zugriff von L\u00e4ndern au\u00dferhalb Spaniens ergeben, in denen die Verbreitung und\/oder Ver\u00f6ffentlichung der Inhalte dieser Website gegen geltende Vorschriften versto\u00dfen k\u00f6nnte.<\/em><\/p><p><em>F\u00fcr alle Rechtsfragen oder Probleme im Zusammenhang mit dieser Website gilt spanisches Recht, und die Gerichte von Palma de Mallorca \u2013 Illes Balears \u2013 Spanien sind zust\u00e4ndig f\u00fcr die Beilegung aller Streitigkeiten, die sich aus der Nutzung dieser Website ergeben oder damit in Zusammenhang stehen.<\/em><\/p>\t\t\t\t\t\t\t\t<\/div>\n\t\t\t\t\t<\/div>\n\t\t\t\t<\/div>\n\t\t\t\t<\/div>\n\t\t","protected":false},"excerpt":{"rendered":"<p>Rechtlicher Hinweis Einf\u00fchrung Diese rechtlichen Hinweise, Nutzungsbedingungen und Datenschutzerkl\u00e4rung regeln den Zugriff auf, das Browsen, die Nutzung und die Inanspruchnahme dieser Website sowie die Buchung von Dienstleistungen \u00fcber diese Website und die Nutzung ihrer Inhalte. Die f\u00fcr die gesamte Website geltende Datenschutzerkl\u00e4rung ist hier ebenfalls aufgef\u00fchrt. Angaben zum Inhaber Gem\u00e4\u00df Artikel 10 des Gesetzes 34\/2002 [&hellip;]<\/p>\n","protected":false},"author":1,"featured_media":0,"parent":0,"menu_order":0,"comment_status":"closed","ping_status":"closed","template":"elementor_header_footer","meta":{"footnotes":""},"class_list":["post-5068","page","type-page","status-publish","hentry"],"yoast_head":"<!-- This site is optimized with the Yoast SEO plugin v26.8 - https:\/\/yoast.com\/product\/yoast-seo-wordpress\/ -->\n<title>Rechtlicher Hinweis - llullsastre..com<\/title>\n<meta name=\"robots\" content=\"noindex, follow\" \/>\n<meta property=\"og:locale\" content=\"de_DE\" \/>\n<meta property=\"og:type\" content=\"article\" \/>\n<meta property=\"og:title\" content=\"Rechtlicher Hinweis - llullsastre..com\" \/>\n<meta property=\"og:description\" content=\"Rechtlicher Hinweis Einf\u00fchrung Diese rechtlichen Hinweise, Nutzungsbedingungen und Datenschutzerkl\u00e4rung regeln den Zugriff auf, das Browsen, die Nutzung und die Inanspruchnahme dieser Website sowie die Buchung von Dienstleistungen \u00fcber diese Website und die Nutzung ihrer Inhalte. Die f\u00fcr die gesamte Website geltende Datenschutzerkl\u00e4rung ist hier ebenfalls aufgef\u00fchrt. Angaben zum Inhaber Gem\u00e4\u00df Artikel 10 des Gesetzes 34\/2002 [&hellip;]\" \/>\n<meta property=\"og:url\" content=\"https:\/\/www.llullsastre.com\/de\/rechtlicher-hinweis\/\" \/>\n<meta property=\"og:site_name\" content=\"llullsastre..com\" \/>\n<meta property=\"article:modified_time\" content=\"2026-05-05T11:01:30+00:00\" \/>\n<meta name=\"twitter:card\" content=\"summary_large_image\" \/>\n<meta name=\"twitter:label1\" content=\"Gesch\u00e4tzte Lesezeit\" \/>\n\t<meta name=\"twitter:data1\" content=\"5\u00a0Minuten\" \/>\n<script type=\"application\/ld+json\" class=\"yoast-schema-graph\">{\"@context\":\"https:\/\/schema.org\",\"@graph\":[{\"@type\":\"WebPage\",\"@id\":\"https:\/\/www.llullsastre.com\/de\/rechtlicher-hinweis\/\",\"url\":\"https:\/\/www.llullsastre.com\/de\/rechtlicher-hinweis\/\",\"name\":\"Rechtlicher Hinweis - llullsastre..com\",\"isPartOf\":{\"@id\":\"https:\/\/www.llullsastre.com\/#website\"},\"datePublished\":\"2026-02-16T13:58:28+00:00\",\"dateModified\":\"2026-05-05T11:01:30+00:00\",\"breadcrumb\":{\"@id\":\"https:\/\/www.llullsastre.com\/de\/rechtlicher-hinweis\/#breadcrumb\"},\"inLanguage\":\"de\",\"potentialAction\":[{\"@type\":\"ReadAction\",\"target\":[\"https:\/\/www.llullsastre.com\/de\/rechtlicher-hinweis\/\"]}]},{\"@type\":\"BreadcrumbList\",\"@id\":\"https:\/\/www.llullsastre.com\/de\/rechtlicher-hinweis\/#breadcrumb\",\"itemListElement\":[{\"@type\":\"ListItem\",\"position\":1,\"name\":\"Portada\",\"item\":\"https:\/\/www.llullsastre.com\/de\/bauunternehmen-auf-mallorca\/\"},{\"@type\":\"ListItem\",\"position\":2,\"name\":\"Rechtlicher Hinweis\"}]},{\"@type\":\"WebSite\",\"@id\":\"https:\/\/www.llullsastre.com\/#website\",\"url\":\"https:\/\/www.llullsastre.com\/\",\"name\":\"llullsastre..com\",\"description\":\"\",\"potentialAction\":[{\"@type\":\"SearchAction\",\"target\":{\"@type\":\"EntryPoint\",\"urlTemplate\":\"https:\/\/www.llullsastre.com\/?s={search_term_string}\"},\"query-input\":{\"@type\":\"PropertyValueSpecification\",\"valueRequired\":true,\"valueName\":\"search_term_string\"}}],\"inLanguage\":\"de\"}]}<\/script>\n<!-- \/ Yoast SEO plugin. -->","yoast_head_json":{"title":"Rechtlicher Hinweis - llullsastre..com","robots":{"index":"noindex","follow":"follow"},"og_locale":"de_DE","og_type":"article","og_title":"Rechtlicher Hinweis - llullsastre..com","og_description":"Rechtlicher Hinweis Einf\u00fchrung Diese rechtlichen Hinweise, Nutzungsbedingungen und Datenschutzerkl\u00e4rung regeln den Zugriff auf, das Browsen, die Nutzung und die Inanspruchnahme dieser Website sowie die Buchung von Dienstleistungen \u00fcber diese Website und die Nutzung ihrer Inhalte. Die f\u00fcr die gesamte Website geltende Datenschutzerkl\u00e4rung ist hier ebenfalls aufgef\u00fchrt. Angaben zum Inhaber Gem\u00e4\u00df Artikel 10 des Gesetzes 34\/2002 [&hellip;]","og_url":"https:\/\/www.llullsastre.com\/de\/rechtlicher-hinweis\/","og_site_name":"llullsastre..com","article_modified_time":"2026-05-05T11:01:30+00:00","twitter_card":"summary_large_image","twitter_misc":{"Gesch\u00e4tzte Lesezeit":"5\u00a0Minuten"},"schema":{"@context":"https:\/\/schema.org","@graph":[{"@type":"WebPage","@id":"https:\/\/www.llullsastre.com\/de\/rechtlicher-hinweis\/","url":"https:\/\/www.llullsastre.com\/de\/rechtlicher-hinweis\/","name":"Rechtlicher Hinweis - llullsastre..com","isPartOf":{"@id":"https:\/\/www.llullsastre.com\/#website"},"datePublished":"2026-02-16T13:58:28+00:00","dateModified":"2026-05-05T11:01:30+00:00","breadcrumb":{"@id":"https:\/\/www.llullsastre.com\/de\/rechtlicher-hinweis\/#breadcrumb"},"inLanguage":"de","potentialAction":[{"@type":"ReadAction","target":["https:\/\/www.llullsastre.com\/de\/rechtlicher-hinweis\/"]}]},{"@type":"BreadcrumbList","@id":"https:\/\/www.llullsastre.com\/de\/rechtlicher-hinweis\/#breadcrumb","itemListElement":[{"@type":"ListItem","position":1,"name":"Portada","item":"https:\/\/www.llullsastre.com\/de\/bauunternehmen-auf-mallorca\/"},{"@type":"ListItem","position":2,"name":"Rechtlicher Hinweis"}]},{"@type":"WebSite","@id":"https:\/\/www.llullsastre.com\/#website","url":"https:\/\/www.llullsastre.com\/","name":"llullsastre..com","description":"","potentialAction":[{"@type":"SearchAction","target":{"@type":"EntryPoint","urlTemplate":"https:\/\/www.llullsastre.com\/?s={search_term_string}"},"query-input":{"@type":"PropertyValueSpecification","valueRequired":true,"valueName":"search_term_string"}}],"inLanguage":"de"}]}},"_links":{"self":[{"href":"https:\/\/www.llullsastre.com\/de\/wp-json\/wp\/v2\/pages\/5068","targetHints":{"allow":["GET"]}}],"collection":[{"href":"https:\/\/www.llullsastre.com\/de\/wp-json\/wp\/v2\/pages"}],"about":[{"href":"https:\/\/www.llullsastre.com\/de\/wp-json\/wp\/v2\/types\/page"}],"author":[{"embeddable":true,"href":"https:\/\/www.llullsastre.com\/de\/wp-json\/wp\/v2\/users\/1"}],"replies":[{"embeddable":true,"href":"https:\/\/www.llullsastre.com\/de\/wp-json\/wp\/v2\/comments?post=5068"}],"version-history":[{"count":1,"href":"https:\/\/www.llullsastre.com\/de\/wp-json\/wp\/v2\/pages\/5068\/revisions"}],"predecessor-version":[{"id":5069,"href":"https:\/\/www.llullsastre.com\/de\/wp-json\/wp\/v2\/pages\/5068\/revisions\/5069"}],"wp:attachment":[{"href":"https:\/\/www.llullsastre.com\/de\/wp-json\/wp\/v2\/media?parent=5068"}],"curies":[{"name":"wp","href":"https:\/\/api.w.org\/{rel}","templated":true}]}}