{"id":4990,"date":"2026-02-16T14:34:05","date_gmt":"2026-02-16T14:34:05","guid":{"rendered":"https:\/\/www.llullsastre.com\/ausruestung\/"},"modified":"2026-05-05T10:26:20","modified_gmt":"2026-05-05T10:26:20","slug":"ausruestung","status":"publish","type":"page","link":"https:\/\/www.llullsastre.com\/de\/ausruestung\/","title":{"rendered":"Ausr\u00fcstung"},"content":{"rendered":"\t\t<div data-elementor-type=\"wp-page\" data-elementor-id=\"4990\" class=\"elementor elementor-4990 elementor-691\" data-elementor-post-type=\"page\">\n\t\t\t\t<div class=\"elementor-element elementor-element-827040f e-con-full e-flex e-con e-parent\" data-id=\"827040f\" data-element_type=\"container\" data-e-type=\"container\" data-settings=\"{&quot;background_background&quot;:&quot;classic&quot;}\">\n\t\t<div class=\"elementor-element elementor-element-6a514e0 e-con-full e-flex e-con e-child\" data-id=\"6a514e0\" data-element_type=\"container\" data-e-type=\"container\">\n\t\t<div class=\"elementor-element elementor-element-6e04a8e e-con-full e-flex e-con e-child\" data-id=\"6e04a8e\" data-element_type=\"container\" data-e-type=\"container\">\n\t\t\t\t<\/div>\n\t\t<div class=\"elementor-element elementor-element-505c01a e-con-full e-flex e-con e-child\" data-id=\"505c01a\" data-element_type=\"container\" data-e-type=\"container\">\n\t\t\t\t<div class=\"elementor-element elementor-element-cab78a7 elementor-view-default elementor-invisible elementor-widget elementor-widget-icon\" data-id=\"cab78a7\" data-element_type=\"widget\" data-e-type=\"widget\" data-settings=\"{&quot;_animation&quot;:&quot;slideInDown&quot;}\" data-widget_type=\"icon.default\">\n\t\t\t\t\t\t\t<div class=\"elementor-icon-wrapper\">\n\t\t\t<div class=\"elementor-icon\">\n\t\t\t<svg xmlns=\"http:\/\/www.w3.org\/2000\/svg\" width=\"16\" height=\"16\" fill=\"currentColor\" class=\"bi bi-arrow-down\" viewBox=\"0 0 16 16\"><path fill-rule=\"evenodd\" d=\"M8 1a.5.5 0 0 1 .5.5v11.793l3.146-3.147a.5.5 0 0 1 .708.708l-4 4a.5.5 0 0 1-.708 0l-4-4a.5.5 0 0 1 .708-.708L7.5 13.293V1.5A.5.5 0 0 1 8 1\"><\/path><\/svg>\t\t\t<\/div>\n\t\t<\/div>\n\t\t\t\t\t\t<\/div>\n\t\t\t\t<\/div>\n\t\t<div class=\"elementor-element elementor-element-e9b6ab5 e-con-full e-flex e-con e-child\" data-id=\"e9b6ab5\" data-element_type=\"container\" data-e-type=\"container\">\n\t\t\t\t<div class=\"elementor-element elementor-element-ddb6288 elementor-widget elementor-widget-button\" data-id=\"ddb6288\" data-element_type=\"widget\" data-e-type=\"widget\" data-widget_type=\"button.default\">\n\t\t\t\t\t\t\t\t\t\t<a class=\"elementor-button elementor-button-link elementor-size-sm elementor-animation-shrink\" href=\"#CONTACTA\">\n\t\t\t\t\t\t<span class=\"elementor-button-content-wrapper\">\n\t\t\t\t\t\t\t\t\t<span class=\"elementor-button-text\">KONTAKT<\/span>\n\t\t\t\t\t<\/span>\n\t\t\t\t\t<\/a>\n\t\t\t\t\t\t\t\t<\/div>\n\t\t\t\t<\/div>\n\t\t\t\t<\/div>\n\t\t\t\t<\/div>\n\t\t<div class=\"elementor-element elementor-element-9e9c31a e-flex e-con-boxed e-con e-parent\" data-id=\"9e9c31a\" data-element_type=\"container\" data-e-type=\"container\">\n\t\t\t\t\t<div class=\"e-con-inner\">\n\t\t<div class=\"elementor-element elementor-element-f84f8b0 e-con-full e-flex e-con e-child\" data-id=\"f84f8b0\" data-element_type=\"container\" data-e-type=\"container\">\n\t\t\t\t<div class=\"elementor-element elementor-element-31c0362 elementor-widget elementor-widget-heading\" data-id=\"31c0362\" data-element_type=\"widget\" data-e-type=\"widget\" data-widget_type=\"heading.default\">\n\t\t\t\t\t<h2 class=\"elementor-heading-title elementor-size-default\">Ausr\u00fcstung<\/h2>\t\t\t\t<\/div>\n\t\t<div class=\"elementor-element elementor-element-adabaa2 e-con-full e-flex e-con e-child\" data-id=\"adabaa2\" data-element_type=\"container\" data-e-type=\"container\">\n\t\t\t\t<div class=\"elementor-element elementor-element-eeaab31 elementor-widget elementor-widget-text-editor\" data-id=\"eeaab31\" data-element_type=\"widget\" data-e-type=\"widget\" data-widget_type=\"text-editor.default\">\n\t\t\t\t\t\t\t\t\t<div class=\"clb-services-custom-section wpb_column vc_column_container vc_col-sm-1 vc_col-md-5\"><div class=\"vc_column-inner\"><div class=\"wpb_wrapper\"><div id=\"ohio-custom-698c671e5a4c8\" class=\"ohio-widget ohio-text-sc\"><div class=\"wpb_column vc_column_container vc_col-sm-12 vc_col-md-5\"><div class=\"vc_column-inner\"><div class=\"wpb_wrapper\"><div id=\"ohio-custom-698c671e5f3d6\" class=\"ohio-widget ohio-text-sc\"><div id=\"ohio-custom-698c671e600b4\" class=\"ohio-widget ohio-text-sc\"><p><span style=\"font-weight: 400;\">Llull Sastre ist ein Unternehmen, das auf der kontinuierlichen Arbeit eines Teams von Fachleuten basiert, die aus verschiedenen Bereichen stammen und ein gemeinsames Verst\u00e4ndnis des Bauhandwerks teilen.<\/span><\/p><p><span style=\"font-weight: 400;\">Im Laufe der Jahre ist das Team gewachsen und hat technische, administrative und unterst\u00fctzende Profile integriert, die sowohl an der Entwicklung von Bauprojekten f\u00fcr Kunden als auch an den eigenen Werbema\u00dfnahmen des Unternehmens mitwirken.<\/span> <span style=\"font-weight: 400;\">Diese doppelte Erfahrung erm\u00f6glicht es uns, jedes Projekt mit einer praktischen Vision und einem tiefen Verst\u00e4ndnis des Prozesses anzugehen, von der Bauausf\u00fchrung bis zur Immobilienentwicklung. <\/span><\/p><p><span style=\"font-weight: 400;\">Jenseits von Titeln und Rollen liegt der Wert des Teams in seiner t\u00e4glichen Arbeit, seiner Detailgenauigkeit und seinem pers\u00f6nlichen Engagement f\u00fcr jedes Projekt. Diese Arbeitsweise, die auf Eigenverantwortung, Respekt vor dem Handwerk und gemeinsamer Erfahrung beruht, pr\u00e4gt Llull Sastre und seine Mitglieder. <\/span><\/p><\/div><\/div><\/div><\/div><\/div><\/div><\/div><\/div><\/div><div class=\"wpb_column vc_column_container vc_col-sm-1 vc_hidden-sm vc_hidden-xs vc_col-has-fill\"><div class=\"vc_column-inner vc_custom_1572866710770\"> <\/div><\/div>\t\t\t\t\t\t\t\t<\/div>\n\t\t\t\t<\/div>\n\t\t\t\t<\/div>\n\t\t\t\t\t<\/div>\n\t\t\t\t<\/div>\n\t\t<div class=\"elementor-element elementor-element-4acf5b9 animated-slow e-flex e-con-boxed elementor-invisible e-con e-parent\" data-id=\"4acf5b9\" data-element_type=\"container\" data-e-type=\"container\" id=\"CONTACTA\" data-settings=\"{&quot;animation&quot;:&quot;fadeInUp&quot;}\">\n\t\t\t\t\t<div class=\"e-con-inner\">\n\t\t\t\t<div class=\"elementor-element elementor-element-3609f76 elementor-widget elementor-widget-heading\" data-id=\"3609f76\" data-element_type=\"widget\" data-e-type=\"widget\" data-widget_type=\"heading.default\">\n\t\t\t\t\t<h2 class=\"elementor-heading-title elementor-size-default\">M\u00d6CHTEN SIE MIT UNS ZUSAMMENARBEITEN?<\/h2>\t\t\t\t<\/div>\n\t\t\t\t<div class=\"elementor-element elementor-element-84aeb11 elementor-widget elementor-widget-text-editor\" data-id=\"84aeb11\" data-element_type=\"widget\" data-e-type=\"widget\" data-widget_type=\"text-editor.default\">\n\t\t\t\t\t\t\t\t\t<p data-start=\"702\" data-end=\"979\">Es wird mir ein Vergn\u00fcgen sein, Ihre Frage zu beantworten.<\/p>\t\t\t\t\t\t\t\t<\/div>\n\t\t\t\t<div class=\"elementor-element elementor-element-956e338 elementor-button-align-stretch elementor-widget elementor-widget-form\" data-id=\"956e338\" data-element_type=\"widget\" data-e-type=\"widget\" id=\"form-contacto\" data-settings=\"{&quot;step_next_label&quot;:&quot;N\\u00e4chstes&quot;,&quot;step_previous_label&quot;:&quot;Vorheriges&quot;,&quot;button_width&quot;:&quot;100&quot;,&quot;step_type&quot;:&quot;number_text&quot;,&quot;step_icon_shape&quot;:&quot;circle&quot;}\" data-widget_type=\"form.default\">\n\t\t\t\t\t\t\t<form class=\"elementor-form\" method=\"post\" name=\"Neues Formular\" aria-label=\"Neues Formular\">\n\t\t\t<input type=\"hidden\" name=\"post_id\" value=\"4990\"\/>\n\t\t\t<input type=\"hidden\" name=\"form_id\" value=\"956e338\"\/>\n\t\t\t<input type=\"hidden\" name=\"referer_title\" value=\"llullsastre..com\" \/>\n\n\t\t\t\n\t\t\t<div class=\"elementor-form-fields-wrapper elementor-labels-above\">\n\t\t\t\t\t\t\t\t<div class=\"elementor-field-type-text elementor-field-group elementor-column elementor-field-group-name elementor-col-50 elementor-field-required elementor-mark-required\">\n\t\t\t\t\t\t\t\t\t\t\t\t<label for=\"form-field-name\" class=\"elementor-field-label\">\n\t\t\t\t\t\t\t\tName\t\t\t\t\t\t\t<\/label>\n\t\t\t\t\t\t\t\t\t\t\t\t\t\t<input size=\"1\" type=\"text\" name=\"form_fields[name]\" id=\"form-field-name\" class=\"elementor-field elementor-size-md  elementor-field-textual\" placeholder=\"Ihr Name\" required=\"required\">\n\t\t\t\t\t\t\t\t\t\t\t<\/div>\n\t\t\t\t\t\t\t\t<div class=\"elementor-field-type-text elementor-field-group elementor-column elementor-field-group-field_040b240 elementor-col-50 elementor-field-required elementor-mark-required\">\n\t\t\t\t\t\t\t\t\t\t\t\t<label for=\"form-field-field_040b240\" class=\"elementor-field-label\">\n\t\t\t\t\t\t\t\tNachname\t\t\t\t\t\t\t<\/label>\n\t\t\t\t\t\t\t\t\t\t\t\t\t\t<input size=\"1\" type=\"text\" name=\"form_fields[field_040b240]\" id=\"form-field-field_040b240\" class=\"elementor-field elementor-size-md  elementor-field-textual\" placeholder=\"Sein Nachname\" required=\"required\">\n\t\t\t\t\t\t\t\t\t\t\t<\/div>\n\t\t\t\t\t\t\t\t<div class=\"elementor-field-type-email elementor-field-group elementor-column elementor-field-group-email elementor-col-50 elementor-field-required elementor-mark-required\">\n\t\t\t\t\t\t\t\t\t\t\t\t<label for=\"form-field-email\" class=\"elementor-field-label\">\n\t\t\t\t\t\t\t\tE-Mail\t\t\t\t\t\t\t<\/label>\n\t\t\t\t\t\t\t\t\t\t\t\t\t\t<input size=\"1\" type=\"email\" name=\"form_fields[email]\" id=\"form-field-email\" class=\"elementor-field elementor-size-md  elementor-field-textual\" placeholder=\"E-Mail\" required=\"required\">\n\t\t\t\t\t\t\t\t\t\t\t<\/div>\n\t\t\t\t\t\t\t\t<div class=\"elementor-field-type-tel elementor-field-group elementor-column elementor-field-group-field_f9b8f35 elementor-col-50 elementor-field-required elementor-mark-required\">\n\t\t\t\t\t\t\t\t\t\t\t\t<label for=\"form-field-field_f9b8f35\" class=\"elementor-field-label\">\n\t\t\t\t\t\t\t\tTelefon\t\t\t\t\t\t\t<\/label>\n\t\t\t\t\t\t\t\t<input size=\"1\" type=\"tel\" name=\"form_fields[field_f9b8f35]\" id=\"form-field-field_f9b8f35\" class=\"elementor-field elementor-size-md  elementor-field-textual\" placeholder=\"+34 600 000 000\" required=\"required\" pattern=\"[0-9()#&amp;+*-=.]+\" title=\"Nur Nummern oder Telefon-Zeichen (#, -, *, etc) werden akzeptiert.\">\n\n\t\t\t\t\t\t<\/div>\n\t\t\t\t\t\t\t\t<div class=\"elementor-field-type-upload elementor-field-group elementor-column elementor-field-group-field_e09de18 elementor-col-100 elementor-field-required elementor-mark-required\">\n\t\t\t\t\t\t\t\t\t\t\t\t<label for=\"form-field-field_e09de18\" class=\"elementor-field-label\">\n\t\t\t\t\t\t\t\tWieder aufnehmen\t\t\t\t\t\t\t<\/label>\n\t\t\t\t\t\t\t\t<input type=\"file\" name=\"form_fields[field_e09de18]\" id=\"form-field-field_e09de18\" class=\"elementor-field elementor-size-md  elementor-upload-field\" required=\"required\">\n\n\t\t\t\t\t\t<\/div>\n\t\t\t\t\t\t\t\t<div class=\"elementor-field-type-textarea elementor-field-group elementor-column elementor-field-group-message elementor-col-100\">\n\t\t\t\t\t\t\t\t\t\t\t\t<label for=\"form-field-message\" class=\"elementor-field-label\">\n\t\t\t\t\t\t\t\tNachricht\t\t\t\t\t\t\t<\/label>\n\t\t\t\t\t\t<textarea class=\"elementor-field-textual elementor-field  elementor-size-md\" name=\"form_fields[message]\" id=\"form-field-message\" rows=\"4\" placeholder=\"Erz\u00e4hlen Sie uns von Ihrem Projekt\"><\/textarea>\t\t\t\t<\/div>\n\t\t\t\t\t\t\t\t<div class=\"elementor-field-type-recaptcha_v3 elementor-field-group elementor-column elementor-field-group-field_0a07425 elementor-col-100 recaptcha_v3-bottomright\">\n\t\t\t\t\t<div class=\"elementor-field\" id=\"form-field-field_0a07425\"><div class=\"elementor-g-recaptcha\" data-sitekey=\"6Lcdf64sAAAAAIJzI6ZRSXpOYPX12QkxKRaMc6Rb\" data-type=\"v3\" data-action=\"Form\" data-badge=\"bottomright\" data-size=\"invisible\"><\/div><\/div>\t\t\t\t<\/div>\n\t\t\t\t\t\t\t\t<div class=\"elementor-field-type-checkbox elementor-field-group elementor-column elementor-field-group-field_b173846 elementor-col-100\">\n\t\t\t\t\t<div class=\"elementor-field-subgroup  \"><span class=\"elementor-field-option\"><input type=\"checkbox\" value=\"Ich akzeptiere die &lt;a href=&quot;https:\/\/www.llullsastre.com\/politica-de-privacidad\/&quot;&gt;Datenschutzbestimmungen&lt;\/a&gt;\" id=\"form-field-field_b173846-0\" name=\"form_fields[field_b173846]\"> <label for=\"form-field-field_b173846-0\">Ich akzeptiere die <a href=\"https:\/\/www.llullsastre.com\/politica-de-privacidad\/\">Datenschutzbestimmungen<\/a><\/label><\/span><\/div>\t\t\t\t<\/div>\n\t\t\t\t\t\t\t\t<div class=\"elementor-field-group elementor-column elementor-field-type-submit elementor-col-100 e-form__buttons\">\n\t\t\t\t\t<button class=\"elementor-button elementor-size-sm\" type=\"submit\">\n\t\t\t\t\t\t<span class=\"elementor-button-content-wrapper\">\n\t\t\t\t\t\t\t\t\t\t\t\t\t\t\t\t\t\t\t\t\t\t<span class=\"elementor-button-text\">Schicken<\/span>\n\t\t\t\t\t\t\t\t\t\t\t\t\t<\/span>\n\t\t\t\t\t<\/button>\n\t\t\t\t<\/div>\n\t\t\t<\/div>\n\t\t<\/form>\n\t\t\t\t\t\t<\/div>\n\t\t\t\t<div class=\"elementor-element elementor-element-41a928c elementor-widget elementor-widget-html\" data-id=\"41a928c\" data-element_type=\"widget\" data-e-type=\"widget\" data-widget_type=\"html.default\">\n\t\t\t\t\t<style>\n#form-contacto .elementor-button[type=\"submit\"] {\n  opacity: 0.4;\n  pointer-events: none;\n  transition: opacity 0.3s ease;\n}\n#form-contacto .elementor-button[type=\"submit\"].activo {\n  opacity: 1;\n  pointer-events: auto;\n}\n<\/style>\n\n<script>\ndocument.addEventListener('DOMContentLoaded', function () {\n  const form = document.querySelector('#form-contacto');\n  const checkbox = document.querySelector('#form-field-field_b173846-0');\n  const boton = form.querySelector('.elementor-button[type=\"submit\"]');\n\n  checkbox.addEventListener('change', function () {\n    boton.classList.toggle('activo', this.checked);\n  });\n});\n<\/script>\t\t\t\t<\/div>\n\t\t\t\t\t<\/div>\n\t\t\t\t<\/div>\n\t\t\t\t<\/div>\n\t\t","protected":false},"excerpt":{"rendered":"<p>KONTAKT Ausr\u00fcstung Llull Sastre ist ein Unternehmen, das auf der kontinuierlichen Arbeit eines Teams von Fachleuten basiert, die aus verschiedenen Bereichen stammen und ein gemeinsames Verst\u00e4ndnis des Bauhandwerks teilen. Im Laufe der Jahre ist das Team gewachsen und hat technische, administrative und unterst\u00fctzende Profile integriert, die sowohl an der Entwicklung von Bauprojekten f\u00fcr Kunden als [&hellip;]<\/p>\n","protected":false},"author":1,"featured_media":0,"parent":0,"menu_order":0,"comment_status":"closed","ping_status":"closed","template":"elementor_header_footer","meta":{"footnotes":""},"class_list":["post-4990","page","type-page","status-publish","hentry"],"yoast_head":"<!-- This site is optimized with the Yoast SEO plugin v26.8 - https:\/\/yoast.com\/product\/yoast-seo-wordpress\/ -->\n<title>Unser Team | Baufachleute | Llull Sastre<\/title>\n<meta name=\"description\" content=\"Lernen Sie das professionelle Team von Llull Sastre kennen: Architekten, Ingenieure und Techniker, die sich auf den Bau von Wohnh\u00e4usern, Hotels und exklusiven Villen auf Mallorca spezialisiert haben.\" \/>\n<meta name=\"robots\" content=\"index, follow, max-snippet:-1, max-image-preview:large, max-video-preview:-1\" \/>\n<link rel=\"canonical\" href=\"https:\/\/www.llullsastre.com\/de\/ausruestung\/\" \/>\n<meta property=\"og:locale\" content=\"de_DE\" \/>\n<meta property=\"og:type\" content=\"article\" \/>\n<meta property=\"og:title\" content=\"Unser Team | Baufachleute | Llull Sastre\" \/>\n<meta property=\"og:description\" content=\"Lernen Sie das professionelle Team von Llull Sastre kennen: Architekten, Ingenieure und Techniker, die sich auf den Bau von Wohnh\u00e4usern, Hotels und exklusiven Villen auf Mallorca spezialisiert haben.\" \/>\n<meta property=\"og:url\" content=\"https:\/\/www.llullsastre.com\/de\/ausruestung\/\" \/>\n<meta property=\"og:site_name\" content=\"llullsastre..com\" \/>\n<meta property=\"article:modified_time\" content=\"2026-05-05T10:26:20+00:00\" \/>\n<meta name=\"twitter:card\" content=\"summary_large_image\" \/>\n<meta name=\"twitter:label1\" content=\"Gesch\u00e4tzte Lesezeit\" \/>\n\t<meta name=\"twitter:data1\" content=\"1\u00a0Minute\" \/>\n<script type=\"application\/ld+json\" class=\"yoast-schema-graph\">{\"@context\":\"https:\/\/schema.org\",\"@graph\":[{\"@type\":\"WebPage\",\"@id\":\"https:\/\/www.llullsastre.com\/de\/ausruestung\/\",\"url\":\"https:\/\/www.llullsastre.com\/de\/ausruestung\/\",\"name\":\"Unser Team | Baufachleute | Llull Sastre\",\"isPartOf\":{\"@id\":\"https:\/\/www.llullsastre.com\/#website\"},\"datePublished\":\"2026-02-16T14:34:05+00:00\",\"dateModified\":\"2026-05-05T10:26:20+00:00\",\"description\":\"Lernen Sie das professionelle Team von Llull Sastre kennen: Architekten, Ingenieure und Techniker, die sich auf den Bau von Wohnh\u00e4usern, Hotels und exklusiven Villen auf Mallorca spezialisiert haben.\",\"breadcrumb\":{\"@id\":\"https:\/\/www.llullsastre.com\/de\/ausruestung\/#breadcrumb\"},\"inLanguage\":\"de\",\"potentialAction\":[{\"@type\":\"ReadAction\",\"target\":[\"https:\/\/www.llullsastre.com\/de\/ausruestung\/\"]}]},{\"@type\":\"BreadcrumbList\",\"@id\":\"https:\/\/www.llullsastre.com\/de\/ausruestung\/#breadcrumb\",\"itemListElement\":[{\"@type\":\"ListItem\",\"position\":1,\"name\":\"Portada\",\"item\":\"https:\/\/www.llullsastre.com\/de\/bauunternehmen-auf-mallorca\/\"},{\"@type\":\"ListItem\",\"position\":2,\"name\":\"Ausr\u00fcstung\"}]},{\"@type\":\"WebSite\",\"@id\":\"https:\/\/www.llullsastre.com\/#website\",\"url\":\"https:\/\/www.llullsastre.com\/\",\"name\":\"llullsastre..com\",\"description\":\"\",\"potentialAction\":[{\"@type\":\"SearchAction\",\"target\":{\"@type\":\"EntryPoint\",\"urlTemplate\":\"https:\/\/www.llullsastre.com\/?s={search_term_string}\"},\"query-input\":{\"@type\":\"PropertyValueSpecification\",\"valueRequired\":true,\"valueName\":\"search_term_string\"}}],\"inLanguage\":\"de\"}]}<\/script>\n<!-- \/ Yoast SEO plugin. -->","yoast_head_json":{"title":"Unser Team | Baufachleute | Llull Sastre","description":"Lernen Sie das professionelle Team von Llull Sastre kennen: Architekten, Ingenieure und Techniker, die sich auf den Bau von Wohnh\u00e4usern, Hotels und exklusiven Villen auf Mallorca spezialisiert haben.","robots":{"index":"index","follow":"follow","max-snippet":"max-snippet:-1","max-image-preview":"max-image-preview:large","max-video-preview":"max-video-preview:-1"},"canonical":"https:\/\/www.llullsastre.com\/de\/ausruestung\/","og_locale":"de_DE","og_type":"article","og_title":"Unser Team | Baufachleute | Llull Sastre","og_description":"Lernen Sie das professionelle Team von Llull Sastre kennen: Architekten, Ingenieure und Techniker, die sich auf den Bau von Wohnh\u00e4usern, Hotels und exklusiven Villen auf Mallorca spezialisiert haben.","og_url":"https:\/\/www.llullsastre.com\/de\/ausruestung\/","og_site_name":"llullsastre..com","article_modified_time":"2026-05-05T10:26:20+00:00","twitter_card":"summary_large_image","twitter_misc":{"Gesch\u00e4tzte Lesezeit":"1\u00a0Minute"},"schema":{"@context":"https:\/\/schema.org","@graph":[{"@type":"WebPage","@id":"https:\/\/www.llullsastre.com\/de\/ausruestung\/","url":"https:\/\/www.llullsastre.com\/de\/ausruestung\/","name":"Unser Team | Baufachleute | Llull Sastre","isPartOf":{"@id":"https:\/\/www.llullsastre.com\/#website"},"datePublished":"2026-02-16T14:34:05+00:00","dateModified":"2026-05-05T10:26:20+00:00","description":"Lernen Sie das professionelle Team von Llull Sastre kennen: Architekten, Ingenieure und Techniker, die sich auf den Bau von Wohnh\u00e4usern, Hotels und exklusiven Villen auf Mallorca spezialisiert haben.","breadcrumb":{"@id":"https:\/\/www.llullsastre.com\/de\/ausruestung\/#breadcrumb"},"inLanguage":"de","potentialAction":[{"@type":"ReadAction","target":["https:\/\/www.llullsastre.com\/de\/ausruestung\/"]}]},{"@type":"BreadcrumbList","@id":"https:\/\/www.llullsastre.com\/de\/ausruestung\/#breadcrumb","itemListElement":[{"@type":"ListItem","position":1,"name":"Portada","item":"https:\/\/www.llullsastre.com\/de\/bauunternehmen-auf-mallorca\/"},{"@type":"ListItem","position":2,"name":"Ausr\u00fcstung"}]},{"@type":"WebSite","@id":"https:\/\/www.llullsastre.com\/#website","url":"https:\/\/www.llullsastre.com\/","name":"llullsastre..com","description":"","potentialAction":[{"@type":"SearchAction","target":{"@type":"EntryPoint","urlTemplate":"https:\/\/www.llullsastre.com\/?s={search_term_string}"},"query-input":{"@type":"PropertyValueSpecification","valueRequired":true,"valueName":"search_term_string"}}],"inLanguage":"de"}]}},"_links":{"self":[{"href":"https:\/\/www.llullsastre.com\/de\/wp-json\/wp\/v2\/pages\/4990","targetHints":{"allow":["GET"]}}],"collection":[{"href":"https:\/\/www.llullsastre.com\/de\/wp-json\/wp\/v2\/pages"}],"about":[{"href":"https:\/\/www.llullsastre.com\/de\/wp-json\/wp\/v2\/types\/page"}],"author":[{"embeddable":true,"href":"https:\/\/www.llullsastre.com\/de\/wp-json\/wp\/v2\/users\/1"}],"replies":[{"embeddable":true,"href":"https:\/\/www.llullsastre.com\/de\/wp-json\/wp\/v2\/comments?post=4990"}],"version-history":[{"count":1,"href":"https:\/\/www.llullsastre.com\/de\/wp-json\/wp\/v2\/pages\/4990\/revisions"}],"predecessor-version":[{"id":4991,"href":"https:\/\/www.llullsastre.com\/de\/wp-json\/wp\/v2\/pages\/4990\/revisions\/4991"}],"wp:attachment":[{"href":"https:\/\/www.llullsastre.com\/de\/wp-json\/wp\/v2\/media?parent=4990"}],"curies":[{"name":"wp","href":"https:\/\/api.w.org\/{rel}","templated":true}]}}